{"id":29535,"date":"2026-05-09T18:46:09","date_gmt":"2026-05-09T15:46:09","guid":{"rendered":"https:\/\/telio.ro\/?post_type=product&#038;p=29535"},"modified":"2026-05-10T17:19:11","modified_gmt":"2026-05-10T14:19:11","slug":"teltonika-rut951-poe","status":"publish","type":"product","link":"https:\/\/telio.ro\/en\/product\/teltonika-rut951-poe\/","title":{"rendered":"Teltonika RUT951 POE+"},"content":{"rendered":"","protected":false},"excerpt":{"rendered":"<p>Routerul industrial Teltonika RUT951 POE+ continu\u0103 succesul routerului 4G bestseller RUT951, beneficiind acum de func\u021bia versatil\u0103 Power over Ethernet (PoE+). Acest router robust dispune de dual SIM \u0219i eSIM, Wi-Fi fiabil \u0219i patru porturi Ethernet PoE+. Bazat pe sistemul de operare RutOS \u0219i conceput pentru diverse implement\u0103ri IoT, RUT951 PoE+ asigur\u0103 o transmisie fluid\u0103 a datelor \u0219i simplific\u0103 gestionarea energiei pentru solu\u021biile tale IoT.<\/p>","protected":false},"featured_media":29539,"comment_status":"open","ping_status":"closed","template":"","meta":[],"product_brand":[55],"product_cat":[24],"product_tag":[],"class_list":{"0":"post-29535","1":"product","2":"type-product","3":"status-publish","4":"has-post-thumbnail","6":"product_brand-teletonika-networks","7":"product_cat-routere","9":"first","10":"instock","11":"taxable","12":"shipping-taxable","13":"purchasable","14":"product-type-simple"},"yoast_head":"<!-- This site is optimized with the Yoast SEO plugin v27.5 - https:\/\/yoast.com\/product\/yoast-seo-wordpress\/ -->\n<title>Teltonika RUT951 POE+ - Telio<\/title>\n<meta name=\"description\" content=\"Routerul industrial Teltonika RUT951 POE+ continu\u0103 succesul routerului 4G bestseller RUT951, beneficiind acum de func\u021bia versatil\u0103 Power over Ethernet (PoE+). Acest router robust dispune de dual SIM \u0219i eSIM, Wi-Fi fiabil \u0219i patru porturi Ethernet PoE+. Bazat pe sistemul de operare RutOS \u0219i conceput pentru diverse implement\u0103ri IoT, RUT951 PoE+ asigur\u0103 o transmisie fluid\u0103 a datelor \u0219i simplific\u0103 gestionarea energiei pentru solu\u021biile tale IoT.\" \/>\n<meta name=\"robots\" content=\"noindex, follow, max-snippet:-1, max-image-preview:large, max-video-preview:-1\" \/>\n<meta property=\"og:locale\" content=\"en_GB\" \/>\n<meta property=\"og:type\" content=\"article\" \/>\n<meta property=\"og:title\" content=\"Teltonika RUT951 POE+ - Telio\" \/>\n<meta property=\"og:description\" content=\"Routerul industrial Teltonika RUT951 POE+ continu\u0103 succesul routerului 4G bestseller RUT951, beneficiind acum de func\u021bia versatil\u0103 Power over Ethernet (PoE+). Acest router robust dispune de dual SIM \u0219i eSIM, Wi-Fi fiabil \u0219i patru porturi Ethernet PoE+. Bazat pe sistemul de operare RutOS \u0219i conceput pentru diverse implement\u0103ri IoT, RUT951 PoE+ asigur\u0103 o transmisie fluid\u0103 a datelor \u0219i simplific\u0103 gestionarea energiei pentru solu\u021biile tale IoT.\" \/>\n<meta property=\"og:url\" content=\"https:\/\/telio.ro\/en\/product\/teltonika-rut951-poe\/\" \/>\n<meta property=\"og:site_name\" content=\"Telio\" \/>\n<meta property=\"article:modified_time\" content=\"2026-05-10T14:19:11+00:00\" \/>\n<meta property=\"og:image\" content=\"https:\/\/telio.ro\/wp-content\/uploads\/2026\/05\/RUT951_PoE_K-scaled.png\" \/>\n\t<meta property=\"og:image:width\" content=\"2560\" \/>\n\t<meta property=\"og:image:height\" content=\"2560\" \/>\n\t<meta property=\"og:image:type\" content=\"image\/png\" \/>\n<meta name=\"twitter:card\" content=\"summary_large_image\" \/>\n<script type=\"application\/ld+json\" class=\"yoast-schema-graph\">{\"@context\":\"https:\\\/\\\/schema.org\",\"@graph\":[{\"@type\":\"WebPage\",\"@id\":\"https:\\\/\\\/telio.ro\\\/produs\\\/teltonika-rut951-poe\\\/\",\"url\":\"https:\\\/\\\/telio.ro\\\/produs\\\/teltonika-rut951-poe\\\/\",\"name\":\"Teltonika RUT951 POE+ - Telio\",\"isPartOf\":{\"@id\":\"https:\\\/\\\/telio.ro\\\/#website\"},\"primaryImageOfPage\":{\"@id\":\"https:\\\/\\\/telio.ro\\\/produs\\\/teltonika-rut951-poe\\\/#primaryimage\"},\"image\":{\"@id\":\"https:\\\/\\\/telio.ro\\\/produs\\\/teltonika-rut951-poe\\\/#primaryimage\"},\"thumbnailUrl\":\"https:\\\/\\\/telio.ro\\\/wp-content\\\/uploads\\\/2026\\\/05\\\/RUT951_PoE_K-scaled.png\",\"datePublished\":\"2026-05-09T15:46:09+00:00\",\"dateModified\":\"2026-05-10T14:19:11+00:00\",\"description\":\"Routerul industrial Teltonika RUT951 POE+ continu\u0103 succesul routerului 4G bestseller RUT951, beneficiind acum de func\u021bia versatil\u0103 Power over Ethernet (PoE+). Acest router robust dispune de dual SIM \u0219i eSIM, Wi-Fi fiabil \u0219i patru porturi Ethernet PoE+. Bazat pe sistemul de operare RutOS \u0219i conceput pentru diverse implement\u0103ri IoT, RUT951 PoE+ asigur\u0103 o transmisie fluid\u0103 a datelor \u0219i simplific\u0103 gestionarea energiei pentru solu\u021biile tale IoT.\",\"breadcrumb\":{\"@id\":\"https:\\\/\\\/telio.ro\\\/produs\\\/teltonika-rut951-poe\\\/#breadcrumb\"},\"inLanguage\":\"en-GB\",\"potentialAction\":[{\"@type\":\"ReadAction\",\"target\":[\"https:\\\/\\\/telio.ro\\\/produs\\\/teltonika-rut951-poe\\\/\"]}]},{\"@type\":\"ImageObject\",\"inLanguage\":\"en-GB\",\"@id\":\"https:\\\/\\\/telio.ro\\\/produs\\\/teltonika-rut951-poe\\\/#primaryimage\",\"url\":\"https:\\\/\\\/telio.ro\\\/wp-content\\\/uploads\\\/2026\\\/05\\\/RUT951_PoE_K-scaled.png\",\"contentUrl\":\"https:\\\/\\\/telio.ro\\\/wp-content\\\/uploads\\\/2026\\\/05\\\/RUT951_PoE_K-scaled.png\",\"width\":2560,\"height\":2560},{\"@type\":\"BreadcrumbList\",\"@id\":\"https:\\\/\\\/telio.ro\\\/produs\\\/teltonika-rut951-poe\\\/#breadcrumb\",\"itemListElement\":[{\"@type\":\"ListItem\",\"position\":1,\"name\":\"Prima pagin\u0103\",\"item\":\"https:\\\/\\\/telio.ro\\\/\"},{\"@type\":\"ListItem\",\"position\":2,\"name\":\"Toate produsele\",\"item\":\"https:\\\/\\\/telio.ro\\\/shop\\\/\"},{\"@type\":\"ListItem\",\"position\":3,\"name\":\"Teltonika RUT951 POE+\"}]},{\"@type\":\"WebSite\",\"@id\":\"https:\\\/\\\/telio.ro\\\/#website\",\"url\":\"https:\\\/\\\/telio.ro\\\/\",\"name\":\"Telio\",\"description\":\"Reliable connectivity\",\"potentialAction\":[{\"@type\":\"SearchAction\",\"target\":{\"@type\":\"EntryPoint\",\"urlTemplate\":\"https:\\\/\\\/telio.ro\\\/?s={search_term_string}\"},\"query-input\":{\"@type\":\"PropertyValueSpecification\",\"valueRequired\":true,\"valueName\":\"search_term_string\"}}],\"inLanguage\":\"en-GB\"}]}<\/script>\n<!-- \/ Yoast SEO plugin. -->","yoast_head_json":{"title":"Teltonika RUT951 POE+ - Telio","description":"Routerul industrial Teltonika RUT951 POE+ continu\u0103 succesul routerului 4G bestseller RUT951, beneficiind acum de func\u021bia versatil\u0103 Power over Ethernet (PoE+). Acest router robust dispune de dual SIM \u0219i eSIM, Wi-Fi fiabil \u0219i patru porturi Ethernet PoE+. Bazat pe sistemul de operare RutOS \u0219i conceput pentru diverse implement\u0103ri IoT, RUT951 PoE+ asigur\u0103 o transmisie fluid\u0103 a datelor \u0219i simplific\u0103 gestionarea energiei pentru solu\u021biile tale IoT.","robots":{"index":"noindex","follow":"follow","max-snippet":"max-snippet:-1","max-image-preview":"max-image-preview:large","max-video-preview":"max-video-preview:-1"},"og_locale":"en_GB","og_type":"article","og_title":"Teltonika RUT951 POE+ - Telio","og_description":"Routerul industrial Teltonika RUT951 POE+ continu\u0103 succesul routerului 4G bestseller RUT951, beneficiind acum de func\u021bia versatil\u0103 Power over Ethernet (PoE+). Acest router robust dispune de dual SIM \u0219i eSIM, Wi-Fi fiabil \u0219i patru porturi Ethernet PoE+. Bazat pe sistemul de operare RutOS \u0219i conceput pentru diverse implement\u0103ri IoT, RUT951 PoE+ asigur\u0103 o transmisie fluid\u0103 a datelor \u0219i simplific\u0103 gestionarea energiei pentru solu\u021biile tale IoT.","og_url":"https:\/\/telio.ro\/en\/product\/teltonika-rut951-poe\/","og_site_name":"Telio","article_modified_time":"2026-05-10T14:19:11+00:00","og_image":[{"width":2560,"height":2560,"url":"https:\/\/telio.ro\/wp-content\/uploads\/2026\/05\/RUT951_PoE_K-scaled.png","type":"image\/png"}],"twitter_card":"summary_large_image","schema":{"@context":"https:\/\/schema.org","@graph":[{"@type":"WebPage","@id":"https:\/\/telio.ro\/produs\/teltonika-rut951-poe\/","url":"https:\/\/telio.ro\/produs\/teltonika-rut951-poe\/","name":"Teltonika RUT951 POE+ - Telio","isPartOf":{"@id":"https:\/\/telio.ro\/#website"},"primaryImageOfPage":{"@id":"https:\/\/telio.ro\/produs\/teltonika-rut951-poe\/#primaryimage"},"image":{"@id":"https:\/\/telio.ro\/produs\/teltonika-rut951-poe\/#primaryimage"},"thumbnailUrl":"https:\/\/telio.ro\/wp-content\/uploads\/2026\/05\/RUT951_PoE_K-scaled.png","datePublished":"2026-05-09T15:46:09+00:00","dateModified":"2026-05-10T14:19:11+00:00","description":"Routerul industrial Teltonika RUT951 POE+ continu\u0103 succesul routerului 4G bestseller RUT951, beneficiind acum de func\u021bia versatil\u0103 Power over Ethernet (PoE+). Acest router robust dispune de dual SIM \u0219i eSIM, Wi-Fi fiabil \u0219i patru porturi Ethernet PoE+. Bazat pe sistemul de operare RutOS \u0219i conceput pentru diverse implement\u0103ri IoT, RUT951 PoE+ asigur\u0103 o transmisie fluid\u0103 a datelor \u0219i simplific\u0103 gestionarea energiei pentru solu\u021biile tale IoT.","breadcrumb":{"@id":"https:\/\/telio.ro\/produs\/teltonika-rut951-poe\/#breadcrumb"},"inLanguage":"en-GB","potentialAction":[{"@type":"ReadAction","target":["https:\/\/telio.ro\/produs\/teltonika-rut951-poe\/"]}]},{"@type":"ImageObject","inLanguage":"en-GB","@id":"https:\/\/telio.ro\/produs\/teltonika-rut951-poe\/#primaryimage","url":"https:\/\/telio.ro\/wp-content\/uploads\/2026\/05\/RUT951_PoE_K-scaled.png","contentUrl":"https:\/\/telio.ro\/wp-content\/uploads\/2026\/05\/RUT951_PoE_K-scaled.png","width":2560,"height":2560},{"@type":"BreadcrumbList","@id":"https:\/\/telio.ro\/produs\/teltonika-rut951-poe\/#breadcrumb","itemListElement":[{"@type":"ListItem","position":1,"name":"Prima pagin\u0103","item":"https:\/\/telio.ro\/"},{"@type":"ListItem","position":2,"name":"Toate produsele","item":"https:\/\/telio.ro\/shop\/"},{"@type":"ListItem","position":3,"name":"Teltonika RUT951 POE+"}]},{"@type":"WebSite","@id":"https:\/\/telio.ro\/#website","url":"https:\/\/telio.ro\/","name":"Telio","description":"Reliable connectivity","potentialAction":[{"@type":"SearchAction","target":{"@type":"EntryPoint","urlTemplate":"https:\/\/telio.ro\/?s={search_term_string}"},"query-input":{"@type":"PropertyValueSpecification","valueRequired":true,"valueName":"search_term_string"}}],"inLanguage":"en-GB"}]}},"_links":{"self":[{"href":"https:\/\/telio.ro\/en\/wp-json\/wp\/v2\/product\/29535","targetHints":{"allow":["GET"]}}],"collection":[{"href":"https:\/\/telio.ro\/en\/wp-json\/wp\/v2\/product"}],"about":[{"href":"https:\/\/telio.ro\/en\/wp-json\/wp\/v2\/types\/product"}],"replies":[{"embeddable":true,"href":"https:\/\/telio.ro\/en\/wp-json\/wp\/v2\/comments?post=29535"}],"version-history":[{"count":3,"href":"https:\/\/telio.ro\/en\/wp-json\/wp\/v2\/product\/29535\/revisions"}],"predecessor-version":[{"id":29543,"href":"https:\/\/telio.ro\/en\/wp-json\/wp\/v2\/product\/29535\/revisions\/29543"}],"wp:featuredmedia":[{"embeddable":true,"href":"https:\/\/telio.ro\/en\/wp-json\/wp\/v2\/media\/29539"}],"wp:attachment":[{"href":"https:\/\/telio.ro\/en\/wp-json\/wp\/v2\/media?parent=29535"}],"wp:term":[{"taxonomy":"product_brand","embeddable":true,"href":"https:\/\/telio.ro\/en\/wp-json\/wp\/v2\/product_brand?post=29535"},{"taxonomy":"product_cat","embeddable":true,"href":"https:\/\/telio.ro\/en\/wp-json\/wp\/v2\/product_cat?post=29535"},{"taxonomy":"product_tag","embeddable":true,"href":"https:\/\/telio.ro\/en\/wp-json\/wp\/v2\/product_tag?post=29535"}],"curies":[{"name":"wp","href":"https:\/\/api.w.org\/{rel}","templated":true}]}}