{"id":29465,"date":"2026-04-23T11:45:07","date_gmt":"2026-04-23T11:45:07","guid":{"rendered":"https:\/\/teltonika-networks.ro\/?post_type=product&#038;p=29465"},"modified":"2026-05-09T21:13:49","modified_gmt":"2026-05-09T18:13:49","slug":"xpol-6","status":"publish","type":"product","link":"https:\/\/telio.ro\/en\/product\/xpol-6\/","title":{"rendered":"XPOL-6"},"content":{"rendered":"<p>XPOL-6 este o anten\u0103 LTE de \u00eenalt\u0103 performan\u021b\u0103, conceput\u0103 pentru a oferi un c\u00e2\u0219tig ridicat constant pentru re\u021belele 4G, 3G \u0219i 2G. Datorit\u0103 designului cu polarizare dubl\u0103 \u0219i acoperire complet\u0103 a benzilor LTE, aceast\u0103 anten\u0103 \u00eembun\u0103t\u0103\u021be\u0219te recep\u021bia semnalului \u0219i debitul de date, asigur\u00e2nd o conectivitate optimizat\u0103. Poate fi montat\u0103 pe perete sau pe st\u00e2lp, fiind astfel o solu\u021bie versatil\u0103 pentru diverse aplica\u021bii.<\/p>\n<p>Performan\u021b\u0103 constant\u0103 de c\u00e2\u0219tig ridicat: asigur\u0103 o conectivitate fiabil\u0103 pentru re\u021belele LTE, 3G \u0219i 2G.<br \/>\nTehnologie MIMO cu polarizare dubl\u0103: ofer\u0103 o putere \u00eembun\u0103t\u0103\u021bit\u0103 a semnalului, stabilitate \u0219i un debit de date crescut.<br \/>\nMontabil\u0103 pe perete sau pe st\u00e2lp: op\u021biuni flexibile de montare pentru o pozi\u021bionare optim\u0103 \u0219i o recep\u021bie bun\u0103 a semnalului.<br \/>\nFiabilitate \u00eembun\u0103t\u0103\u021bit\u0103 a re\u021belei: asigur\u0103 viteze mai mari de transfer de date, conexiuni stabile \u0219i o experien\u021b\u0103 \u00eembun\u0103t\u0103\u021bit\u0103 pentru utilizatori.<br \/>\nSolu\u021bie rentabil\u0103: Conceput\u0103 pentru a \u00eembun\u0103t\u0103\u021bi satisfac\u021bia abona\u021bilor, reduc\u00e2nd \u00een acela\u0219i timp congestia re\u021belei.<br \/>\nIdeal pentru aplica\u021bii bazate pe GSM: Compatibil cu re\u021belele LTE, HSPA, 3G, EDGE \u0219i GPRS.<\/p>\n<p>XPOL-6 este o solu\u021bie ideal\u0103 pentru \u00eembun\u0103t\u0103\u021birea conectivit\u0103\u021bii mobile, oferind performan\u021be fiabile \u0219i asigur\u00e2nd o experien\u021b\u0103 de utilizare f\u0103r\u0103 \u00eentreruperi \u00een diverse medii de re\u021bea.<\/p>\n<p>Aplica\u021bii ideale<br \/>\nZone urbane \u0219i rurale<br \/>\nRecep\u021bie slab\u0103 a semnalului de date (\u00een interior sau \u00een exterior)<br \/>\nConectivitate lent\u0103 pentru transmiterea datelor<br \/>\nConexiune instabil\u0103<br \/>\nCre\u0219terea fiabilit\u0103\u021bii sistemului de transmisie<br \/>\nZone marginale LTE (\u00een apropierea unei zone LTE, dar \u00een afara acoperirii)<br \/>\nFlexibilitate \u00een ceea ce prive\u0219te operatorii de re\u021bea \u2013 deoarece antenele sunt de band\u0103 larg\u0103, nu este necesar\u0103 o anten\u0103 nou\u0103 pentru fiecare operator de re\u021bea \u2013 func\u021bioneaz\u0103 pe majoritatea re\u021belelor<\/p>","protected":false},"excerpt":{"rendered":"<p>Polarizare \u00eencruci\u0219at\u0103 cu c\u00e2\u0219tig ridicat pentru aplica\u021bii LTE<br \/>\nAnten\u0103 LTE de band\u0103 larg\u0103 adaptat\u0103 viitorului \u0219i frecven\u021be de func\u021bionare Wi-Fi<br \/>\nCompatibilitate cu versiunile anterioare ale tehnologiilor 2G \u0219i 3G<br \/>\nDou\u0103 antene \u00eentr-o singur\u0103 carcas\u0103 pentru performan\u021be LTE optime<br \/>\nAnten\u0103 LTE\/4G 2&#215;2 MIMO<br \/>\nStabilitate sporit\u0103 a conexiunii<\/p>","protected":false},"featured_media":29466,"comment_status":"open","ping_status":"closed","template":"","meta":[],"product_brand":[54],"product_cat":[91],"product_tag":[],"class_list":{"0":"post-29465","1":"product","2":"type-product","3":"status-publish","4":"has-post-thumbnail","6":"product_brand-poynting","7":"product_cat-antene","9":"first","10":"instock","11":"taxable","12":"shipping-taxable","13":"purchasable","14":"product-type-simple"},"yoast_head":"<!-- This site is optimized with the Yoast SEO plugin v27.5 - https:\/\/yoast.com\/product\/yoast-seo-wordpress\/ -->\n<title>XPOL-6 - Telio<\/title>\n<meta name=\"description\" content=\"Polarizare \u00eencruci\u0219at\u0103 cu c\u00e2\u0219tig ridicat pentru aplica\u021bii LTE Anten\u0103 LTE de band\u0103 larg\u0103 adaptat\u0103 viitorului \u0219i frecven\u021be de func\u021bionare Wi-Fi Compatibilitate cu versiunile anterioare ale tehnologiilor 2G \u0219i 3G Dou\u0103 antene \u00eentr-o singur\u0103 carcas\u0103 pentru performan\u021be LTE optime Anten\u0103 LTE\/4G 2x2 MIMO Stabilitate sporit\u0103 a conexiunii\" \/>\n<meta name=\"robots\" content=\"noindex, follow, max-snippet:-1, max-image-preview:large, max-video-preview:-1\" \/>\n<meta property=\"og:locale\" content=\"en_GB\" \/>\n<meta property=\"og:type\" content=\"article\" \/>\n<meta property=\"og:title\" content=\"XPOL-6 - Telio\" \/>\n<meta property=\"og:description\" content=\"Polarizare \u00eencruci\u0219at\u0103 cu c\u00e2\u0219tig ridicat pentru aplica\u021bii LTE Anten\u0103 LTE de band\u0103 larg\u0103 adaptat\u0103 viitorului \u0219i frecven\u021be de func\u021bionare Wi-Fi Compatibilitate cu versiunile anterioare ale tehnologiilor 2G \u0219i 3G Dou\u0103 antene \u00eentr-o singur\u0103 carcas\u0103 pentru performan\u021be LTE optime Anten\u0103 LTE\/4G 2x2 MIMO Stabilitate sporit\u0103 a conexiunii\" \/>\n<meta property=\"og:url\" content=\"https:\/\/telio.ro\/en\/product\/xpol-6\/\" \/>\n<meta property=\"og:site_name\" content=\"Telio\" \/>\n<meta property=\"article:modified_time\" content=\"2026-05-09T18:13:49+00:00\" \/>\n<meta property=\"og:image\" content=\"https:\/\/telio.ro\/wp-content\/uploads\/2026\/04\/A-XPOL-0006-10M-Directional-LTE-Feature-Image-1.webp\" \/>\n\t<meta property=\"og:image:width\" content=\"350\" \/>\n\t<meta property=\"og:image:height\" content=\"350\" \/>\n\t<meta property=\"og:image:type\" content=\"image\/webp\" \/>\n<meta name=\"twitter:card\" content=\"summary_large_image\" \/>\n<meta name=\"twitter:label1\" content=\"Estimated reading time\" \/>\n\t<meta name=\"twitter:data1\" content=\"2 minutes\" \/>\n<script type=\"application\/ld+json\" class=\"yoast-schema-graph\">{\"@context\":\"https:\\\/\\\/schema.org\",\"@graph\":[{\"@type\":\"WebPage\",\"@id\":\"https:\\\/\\\/telio.ro\\\/produs\\\/xpol-6\\\/\",\"url\":\"https:\\\/\\\/telio.ro\\\/produs\\\/xpol-6\\\/\",\"name\":\"XPOL-6 - Telio\",\"isPartOf\":{\"@id\":\"https:\\\/\\\/telio.ro\\\/#website\"},\"primaryImageOfPage\":{\"@id\":\"https:\\\/\\\/telio.ro\\\/produs\\\/xpol-6\\\/#primaryimage\"},\"image\":{\"@id\":\"https:\\\/\\\/telio.ro\\\/produs\\\/xpol-6\\\/#primaryimage\"},\"thumbnailUrl\":\"https:\\\/\\\/telio.ro\\\/wp-content\\\/uploads\\\/2026\\\/04\\\/A-XPOL-0006-10M-Directional-LTE-Feature-Image-1.webp\",\"datePublished\":\"2026-04-23T11:45:07+00:00\",\"dateModified\":\"2026-05-09T18:13:49+00:00\",\"description\":\"Polarizare \u00eencruci\u0219at\u0103 cu c\u00e2\u0219tig ridicat pentru aplica\u021bii LTE Anten\u0103 LTE de band\u0103 larg\u0103 adaptat\u0103 viitorului \u0219i frecven\u021be de func\u021bionare Wi-Fi Compatibilitate cu versiunile anterioare ale tehnologiilor 2G \u0219i 3G Dou\u0103 antene \u00eentr-o singur\u0103 carcas\u0103 pentru performan\u021be LTE optime Anten\u0103 LTE\\\/4G 2x2 MIMO Stabilitate sporit\u0103 a conexiunii\",\"breadcrumb\":{\"@id\":\"https:\\\/\\\/telio.ro\\\/produs\\\/xpol-6\\\/#breadcrumb\"},\"inLanguage\":\"en-GB\",\"potentialAction\":[{\"@type\":\"ReadAction\",\"target\":[\"https:\\\/\\\/telio.ro\\\/produs\\\/xpol-6\\\/\"]}]},{\"@type\":\"ImageObject\",\"inLanguage\":\"en-GB\",\"@id\":\"https:\\\/\\\/telio.ro\\\/produs\\\/xpol-6\\\/#primaryimage\",\"url\":\"https:\\\/\\\/telio.ro\\\/wp-content\\\/uploads\\\/2026\\\/04\\\/A-XPOL-0006-10M-Directional-LTE-Feature-Image-1.webp\",\"contentUrl\":\"https:\\\/\\\/telio.ro\\\/wp-content\\\/uploads\\\/2026\\\/04\\\/A-XPOL-0006-10M-Directional-LTE-Feature-Image-1.webp\",\"width\":350,\"height\":350},{\"@type\":\"BreadcrumbList\",\"@id\":\"https:\\\/\\\/telio.ro\\\/produs\\\/xpol-6\\\/#breadcrumb\",\"itemListElement\":[{\"@type\":\"ListItem\",\"position\":1,\"name\":\"Prima pagin\u0103\",\"item\":\"https:\\\/\\\/telio.ro\\\/\"},{\"@type\":\"ListItem\",\"position\":2,\"name\":\"Toate produsele\",\"item\":\"https:\\\/\\\/telio.ro\\\/shop\\\/\"},{\"@type\":\"ListItem\",\"position\":3,\"name\":\"XPOL-6\"}]},{\"@type\":\"WebSite\",\"@id\":\"https:\\\/\\\/telio.ro\\\/#website\",\"url\":\"https:\\\/\\\/telio.ro\\\/\",\"name\":\"Telio\",\"description\":\"Reliable connectivity\",\"potentialAction\":[{\"@type\":\"SearchAction\",\"target\":{\"@type\":\"EntryPoint\",\"urlTemplate\":\"https:\\\/\\\/telio.ro\\\/?s={search_term_string}\"},\"query-input\":{\"@type\":\"PropertyValueSpecification\",\"valueRequired\":true,\"valueName\":\"search_term_string\"}}],\"inLanguage\":\"en-GB\"}]}<\/script>\n<!-- \/ Yoast SEO plugin. -->","yoast_head_json":{"title":"XPOL-6 - Telio","description":"Polarizare \u00eencruci\u0219at\u0103 cu c\u00e2\u0219tig ridicat pentru aplica\u021bii LTE Anten\u0103 LTE de band\u0103 larg\u0103 adaptat\u0103 viitorului \u0219i frecven\u021be de func\u021bionare Wi-Fi Compatibilitate cu versiunile anterioare ale tehnologiilor 2G \u0219i 3G Dou\u0103 antene \u00eentr-o singur\u0103 carcas\u0103 pentru performan\u021be LTE optime Anten\u0103 LTE\/4G 2x2 MIMO Stabilitate sporit\u0103 a conexiunii","robots":{"index":"noindex","follow":"follow","max-snippet":"max-snippet:-1","max-image-preview":"max-image-preview:large","max-video-preview":"max-video-preview:-1"},"og_locale":"en_GB","og_type":"article","og_title":"XPOL-6 - Telio","og_description":"Polarizare \u00eencruci\u0219at\u0103 cu c\u00e2\u0219tig ridicat pentru aplica\u021bii LTE Anten\u0103 LTE de band\u0103 larg\u0103 adaptat\u0103 viitorului \u0219i frecven\u021be de func\u021bionare Wi-Fi Compatibilitate cu versiunile anterioare ale tehnologiilor 2G \u0219i 3G Dou\u0103 antene \u00eentr-o singur\u0103 carcas\u0103 pentru performan\u021be LTE optime Anten\u0103 LTE\/4G 2x2 MIMO Stabilitate sporit\u0103 a conexiunii","og_url":"https:\/\/telio.ro\/en\/product\/xpol-6\/","og_site_name":"Telio","article_modified_time":"2026-05-09T18:13:49+00:00","og_image":[{"width":350,"height":350,"url":"https:\/\/telio.ro\/wp-content\/uploads\/2026\/04\/A-XPOL-0006-10M-Directional-LTE-Feature-Image-1.webp","type":"image\/webp"}],"twitter_card":"summary_large_image","twitter_misc":{"Estimated reading time":"2 minutes"},"schema":{"@context":"https:\/\/schema.org","@graph":[{"@type":"WebPage","@id":"https:\/\/telio.ro\/produs\/xpol-6\/","url":"https:\/\/telio.ro\/produs\/xpol-6\/","name":"XPOL-6 - Telio","isPartOf":{"@id":"https:\/\/telio.ro\/#website"},"primaryImageOfPage":{"@id":"https:\/\/telio.ro\/produs\/xpol-6\/#primaryimage"},"image":{"@id":"https:\/\/telio.ro\/produs\/xpol-6\/#primaryimage"},"thumbnailUrl":"https:\/\/telio.ro\/wp-content\/uploads\/2026\/04\/A-XPOL-0006-10M-Directional-LTE-Feature-Image-1.webp","datePublished":"2026-04-23T11:45:07+00:00","dateModified":"2026-05-09T18:13:49+00:00","description":"Polarizare \u00eencruci\u0219at\u0103 cu c\u00e2\u0219tig ridicat pentru aplica\u021bii LTE Anten\u0103 LTE de band\u0103 larg\u0103 adaptat\u0103 viitorului \u0219i frecven\u021be de func\u021bionare Wi-Fi Compatibilitate cu versiunile anterioare ale tehnologiilor 2G \u0219i 3G Dou\u0103 antene \u00eentr-o singur\u0103 carcas\u0103 pentru performan\u021be LTE optime Anten\u0103 LTE\/4G 2x2 MIMO Stabilitate sporit\u0103 a conexiunii","breadcrumb":{"@id":"https:\/\/telio.ro\/produs\/xpol-6\/#breadcrumb"},"inLanguage":"en-GB","potentialAction":[{"@type":"ReadAction","target":["https:\/\/telio.ro\/produs\/xpol-6\/"]}]},{"@type":"ImageObject","inLanguage":"en-GB","@id":"https:\/\/telio.ro\/produs\/xpol-6\/#primaryimage","url":"https:\/\/telio.ro\/wp-content\/uploads\/2026\/04\/A-XPOL-0006-10M-Directional-LTE-Feature-Image-1.webp","contentUrl":"https:\/\/telio.ro\/wp-content\/uploads\/2026\/04\/A-XPOL-0006-10M-Directional-LTE-Feature-Image-1.webp","width":350,"height":350},{"@type":"BreadcrumbList","@id":"https:\/\/telio.ro\/produs\/xpol-6\/#breadcrumb","itemListElement":[{"@type":"ListItem","position":1,"name":"Prima pagin\u0103","item":"https:\/\/telio.ro\/"},{"@type":"ListItem","position":2,"name":"Toate produsele","item":"https:\/\/telio.ro\/shop\/"},{"@type":"ListItem","position":3,"name":"XPOL-6"}]},{"@type":"WebSite","@id":"https:\/\/telio.ro\/#website","url":"https:\/\/telio.ro\/","name":"Telio","description":"Reliable connectivity","potentialAction":[{"@type":"SearchAction","target":{"@type":"EntryPoint","urlTemplate":"https:\/\/telio.ro\/?s={search_term_string}"},"query-input":{"@type":"PropertyValueSpecification","valueRequired":true,"valueName":"search_term_string"}}],"inLanguage":"en-GB"}]}},"_links":{"self":[{"href":"https:\/\/telio.ro\/en\/wp-json\/wp\/v2\/product\/29465","targetHints":{"allow":["GET"]}}],"collection":[{"href":"https:\/\/telio.ro\/en\/wp-json\/wp\/v2\/product"}],"about":[{"href":"https:\/\/telio.ro\/en\/wp-json\/wp\/v2\/types\/product"}],"replies":[{"embeddable":true,"href":"https:\/\/telio.ro\/en\/wp-json\/wp\/v2\/comments?post=29465"}],"version-history":[{"count":1,"href":"https:\/\/telio.ro\/en\/wp-json\/wp\/v2\/product\/29465\/revisions"}],"predecessor-version":[{"id":29467,"href":"https:\/\/telio.ro\/en\/wp-json\/wp\/v2\/product\/29465\/revisions\/29467"}],"wp:featuredmedia":[{"embeddable":true,"href":"https:\/\/telio.ro\/en\/wp-json\/wp\/v2\/media\/29466"}],"wp:attachment":[{"href":"https:\/\/telio.ro\/en\/wp-json\/wp\/v2\/media?parent=29465"}],"wp:term":[{"taxonomy":"product_brand","embeddable":true,"href":"https:\/\/telio.ro\/en\/wp-json\/wp\/v2\/product_brand?post=29465"},{"taxonomy":"product_cat","embeddable":true,"href":"https:\/\/telio.ro\/en\/wp-json\/wp\/v2\/product_cat?post=29465"},{"taxonomy":"product_tag","embeddable":true,"href":"https:\/\/telio.ro\/en\/wp-json\/wp\/v2\/product_tag?post=29465"}],"curies":[{"name":"wp","href":"https:\/\/api.w.org\/{rel}","templated":true}]}}