{"id":29462,"date":"2026-04-23T11:39:58","date_gmt":"2026-04-23T11:39:58","guid":{"rendered":"https:\/\/teltonika-networks.ro\/?post_type=product&#038;p=29462"},"modified":"2026-05-09T21:14:34","modified_gmt":"2026-05-09T18:14:34","slug":"epnt-7","status":"publish","type":"product","link":"https:\/\/telio.ro\/en\/product\/epnt-7\/","title":{"rendered":"EPNT-7"},"content":{"rendered":"<p>EPNT-7 de la POYNTING este o carcas\u0103 robust\u0103 pentru anten\u0103 Wi-Fi dual-band 4\u00d74 MIMO, conceput\u0103 pentru a oferi performan\u021be wireless superioare \u00een cele mai solicitante medii. Echipat\u0103 cu patru antene dual-band care acoper\u0103 benzile Wi-Fi de 2,4 GHz \u0219i 5\u20136 GHz, EPNT-7 atinge un c\u00e2\u0219tig de p\u00e2n\u0103 la 3,5 dBi la 2,4 GHz \u0219i de p\u00e2n\u0103 la 7,5 dBi la 5\u20136 GHz, asigur\u00e2nd o acoperire omnidirec\u021bional\u0103 puternic\u0103 \u0219i fiabil\u0103.<\/p>\n<p>Carcas\u0103 special conceput\u0103: Proiectat\u0103 pentru a integra noduri Wi-Fi mesh L2, transform\u00e2nd-o \u00eentr-un CPE Wi-Fi mobil robust.<br \/>\nOptimizat\u0103 pentru medii dure: Performan\u021b\u0103 fiabil\u0103 \u00een aplica\u021bii cu zgomot \u0219i vibra\u021bii intense, precum mineritul, agricultura \u0219i logistica.<br \/>\nCompatibilitate cu nodurile de re\u021bea Wi-Fi L2: Suport\u0103 routere de p\u00e2n\u0103 la 108 \u00d7 73,5 \u00d7 20 mm pentru implement\u0103ri flexibile.<br \/>\nDesign durabil \u0219i robust: Carcas\u0103 cu clasificare IP69 \u0219i IK08, cu o baz\u0103 din aluminiu acoperit\u0103 cu vopsea pulbere pentru disiparea c\u0103ldurii \u0219i fiabilitate pe termen lung.<br \/>\nProtec\u021bie \u00eembun\u0103t\u0103\u021bit\u0103 a cablurilor: Dispozitivele de detensionare protejeaz\u0103 \u00eempotriva solicit\u0103rilor mecanice \u0219i a vibra\u021biilor pentru a men\u021bine o conectivitate constant\u0103.<br \/>\nMonitorizare u\u0219oar\u0103 a routerului: Fereastra transparent\u0103 de stare cu LED permite verific\u0103ri rapide \u0219i simple ale sistemului.<\/p>\n<p>EPNT-7 este o solu\u021bie ideal\u0103 pentru vehicule miniere, utilaje agricole, logistic\u0103 portuar\u0103 \u0219i depozite industriale \u2013 oferind conectivitate Wi-Fi fiabil\u0103 care men\u021bine opera\u021biunile \u00een desf\u0103\u0219urare f\u0103r\u0103 probleme chiar \u0219i \u00een cele mai dure medii.<\/p>\n<p>Ideal Applications<br \/>\nSurface and underground mining \u2013 Reliable connectivity for vehicles and equipment in high-vibration environments<br \/>\nAgriculture \u2013 Wireless backhauls for smart farming machinery<br \/>\nPorts and harbours \u2013 Mobile Wi-Fi solutions for logistics vehicles and infrastructure monitoring<br \/>\nIndustrial warehousing \u2013 Connectivity for automated systems, remote sensors, and mobile assets<\/p>","protected":false},"excerpt":{"rendered":"<p>O carcas\u0103 robust\u0103 pentru exterior, cu anten\u0103 integrat\u0103, destinat\u0103 nodurilor Wi-Fi mesh de nivel 2, care permite o solu\u021bie CPE<br \/>\nSe utilizeaz\u0103 cabluri RF scurte, reduc\u00e2nd la minimum pierderile de semnal<br \/>\nAntene Wi-Fi 4&#215;4 MIMO dual-band de 2,4 GHz \u0219i 5\u20136 GHz<br \/>\nCompatibil cu standardele IEEE 802.11 b\/g\/n\/ac\/ax (Wi-Fi 4\/5\/6)<br \/>\nBaz\u0103 din aluminiu turnat cu acoperire pulverizat\u0103 pentru disiparea c\u0103ldurii \u0219i dispozitive de detensionare a cablurilor rezistente la vibra\u021bii<br \/>\nFereastr\u0103 de stare cu LED pentru diagnosticare u\u0219oar\u0103 la fa\u021ba locului<br \/>\nCarcas\u0103 robust\u0103 cu clasificare IP69K\/IK08 pentru medii industriale dure<\/p>","protected":false},"featured_media":29463,"comment_status":"open","ping_status":"closed","template":"","meta":[],"product_brand":[54],"product_cat":[91],"product_tag":[],"class_list":{"0":"post-29462","1":"product","2":"type-product","3":"status-publish","4":"has-post-thumbnail","6":"product_brand-poynting","7":"product_cat-antene","9":"first","10":"instock","11":"taxable","12":"shipping-taxable","13":"purchasable","14":"product-type-simple"},"yoast_head":"<!-- This site is optimized with the Yoast SEO plugin v27.5 - https:\/\/yoast.com\/product\/yoast-seo-wordpress\/ -->\n<title>EPNT-7 - Telio<\/title>\n<meta name=\"description\" content=\"O carcas\u0103 robust\u0103 pentru exterior, cu anten\u0103 integrat\u0103, destinat\u0103 nodurilor Wi-Fi mesh de nivel 2, care permite o solu\u021bie CPE Se utilizeaz\u0103 cabluri RF scurte, reduc\u00e2nd la minimum pierderile de semnal Antene Wi-Fi 4x4 MIMO dual-band de 2,4 GHz \u0219i 5\u20136 GHz Compatibil cu standardele IEEE 802.11 b\/g\/n\/ac\/ax (Wi-Fi 4\/5\/6) Baz\u0103 din aluminiu turnat cu acoperire pulverizat\u0103 pentru disiparea c\u0103ldurii \u0219i dispozitive de detensionare a cablurilor rezistente la vibra\u021bii Fereastr\u0103 de stare cu LED pentru diagnosticare u\u0219oar\u0103 la fa\u021ba locului Carcas\u0103 robust\u0103 cu clasificare IP69K\/IK08 pentru medii industriale dure\" \/>\n<meta name=\"robots\" content=\"noindex, follow, max-snippet:-1, max-image-preview:large, max-video-preview:-1\" \/>\n<meta property=\"og:locale\" content=\"en_GB\" \/>\n<meta property=\"og:type\" content=\"article\" \/>\n<meta property=\"og:title\" content=\"EPNT-7 - Telio\" \/>\n<meta property=\"og:description\" content=\"O carcas\u0103 robust\u0103 pentru exterior, cu anten\u0103 integrat\u0103, destinat\u0103 nodurilor Wi-Fi mesh de nivel 2, care permite o solu\u021bie CPE Se utilizeaz\u0103 cabluri RF scurte, reduc\u00e2nd la minimum pierderile de semnal Antene Wi-Fi 4x4 MIMO dual-band de 2,4 GHz \u0219i 5\u20136 GHz Compatibil cu standardele IEEE 802.11 b\/g\/n\/ac\/ax (Wi-Fi 4\/5\/6) Baz\u0103 din aluminiu turnat cu acoperire pulverizat\u0103 pentru disiparea c\u0103ldurii \u0219i dispozitive de detensionare a cablurilor rezistente la vibra\u021bii Fereastr\u0103 de stare cu LED pentru diagnosticare u\u0219oar\u0103 la fa\u021ba locului Carcas\u0103 robust\u0103 cu clasificare IP69K\/IK08 pentru medii industriale dure\" \/>\n<meta property=\"og:url\" content=\"https:\/\/telio.ro\/en\/product\/epnt-7\/\" \/>\n<meta property=\"og:site_name\" content=\"Telio\" \/>\n<meta property=\"article:modified_time\" content=\"2026-05-09T18:14:34+00:00\" \/>\n<meta property=\"og:image\" content=\"https:\/\/telio.ro\/wp-content\/uploads\/2026\/04\/EPNT-7-Banner-Feature-v2.webp\" \/>\n\t<meta property=\"og:image:width\" content=\"468\" \/>\n\t<meta property=\"og:image:height\" content=\"363\" \/>\n\t<meta property=\"og:image:type\" content=\"image\/webp\" \/>\n<meta name=\"twitter:card\" content=\"summary_large_image\" \/>\n<meta name=\"twitter:label1\" content=\"Estimated reading time\" \/>\n\t<meta name=\"twitter:data1\" content=\"1 minute\" \/>\n<script type=\"application\/ld+json\" class=\"yoast-schema-graph\">{\"@context\":\"https:\\\/\\\/schema.org\",\"@graph\":[{\"@type\":\"WebPage\",\"@id\":\"https:\\\/\\\/telio.ro\\\/produs\\\/epnt-7\\\/\",\"url\":\"https:\\\/\\\/telio.ro\\\/produs\\\/epnt-7\\\/\",\"name\":\"EPNT-7 - Telio\",\"isPartOf\":{\"@id\":\"https:\\\/\\\/telio.ro\\\/#website\"},\"primaryImageOfPage\":{\"@id\":\"https:\\\/\\\/telio.ro\\\/produs\\\/epnt-7\\\/#primaryimage\"},\"image\":{\"@id\":\"https:\\\/\\\/telio.ro\\\/produs\\\/epnt-7\\\/#primaryimage\"},\"thumbnailUrl\":\"https:\\\/\\\/telio.ro\\\/wp-content\\\/uploads\\\/2026\\\/04\\\/EPNT-7-Banner-Feature-v2.webp\",\"datePublished\":\"2026-04-23T11:39:58+00:00\",\"dateModified\":\"2026-05-09T18:14:34+00:00\",\"description\":\"O carcas\u0103 robust\u0103 pentru exterior, cu anten\u0103 integrat\u0103, destinat\u0103 nodurilor Wi-Fi mesh de nivel 2, care permite o solu\u021bie CPE Se utilizeaz\u0103 cabluri RF scurte, reduc\u00e2nd la minimum pierderile de semnal Antene Wi-Fi 4x4 MIMO dual-band de 2,4 GHz \u0219i 5\u20136 GHz Compatibil cu standardele IEEE 802.11 b\\\/g\\\/n\\\/ac\\\/ax (Wi-Fi 4\\\/5\\\/6) Baz\u0103 din aluminiu turnat cu acoperire pulverizat\u0103 pentru disiparea c\u0103ldurii \u0219i dispozitive de detensionare a cablurilor rezistente la vibra\u021bii Fereastr\u0103 de stare cu LED pentru diagnosticare u\u0219oar\u0103 la fa\u021ba locului Carcas\u0103 robust\u0103 cu clasificare IP69K\\\/IK08 pentru medii industriale dure\",\"breadcrumb\":{\"@id\":\"https:\\\/\\\/telio.ro\\\/produs\\\/epnt-7\\\/#breadcrumb\"},\"inLanguage\":\"en-GB\",\"potentialAction\":[{\"@type\":\"ReadAction\",\"target\":[\"https:\\\/\\\/telio.ro\\\/produs\\\/epnt-7\\\/\"]}]},{\"@type\":\"ImageObject\",\"inLanguage\":\"en-GB\",\"@id\":\"https:\\\/\\\/telio.ro\\\/produs\\\/epnt-7\\\/#primaryimage\",\"url\":\"https:\\\/\\\/telio.ro\\\/wp-content\\\/uploads\\\/2026\\\/04\\\/EPNT-7-Banner-Feature-v2.webp\",\"contentUrl\":\"https:\\\/\\\/telio.ro\\\/wp-content\\\/uploads\\\/2026\\\/04\\\/EPNT-7-Banner-Feature-v2.webp\",\"width\":468,\"height\":363},{\"@type\":\"BreadcrumbList\",\"@id\":\"https:\\\/\\\/telio.ro\\\/produs\\\/epnt-7\\\/#breadcrumb\",\"itemListElement\":[{\"@type\":\"ListItem\",\"position\":1,\"name\":\"Prima pagin\u0103\",\"item\":\"https:\\\/\\\/telio.ro\\\/\"},{\"@type\":\"ListItem\",\"position\":2,\"name\":\"Toate produsele\",\"item\":\"https:\\\/\\\/telio.ro\\\/shop\\\/\"},{\"@type\":\"ListItem\",\"position\":3,\"name\":\"EPNT-7\"}]},{\"@type\":\"WebSite\",\"@id\":\"https:\\\/\\\/telio.ro\\\/#website\",\"url\":\"https:\\\/\\\/telio.ro\\\/\",\"name\":\"Telio\",\"description\":\"Reliable connectivity\",\"potentialAction\":[{\"@type\":\"SearchAction\",\"target\":{\"@type\":\"EntryPoint\",\"urlTemplate\":\"https:\\\/\\\/telio.ro\\\/?s={search_term_string}\"},\"query-input\":{\"@type\":\"PropertyValueSpecification\",\"valueRequired\":true,\"valueName\":\"search_term_string\"}}],\"inLanguage\":\"en-GB\"}]}<\/script>\n<!-- \/ Yoast SEO plugin. -->","yoast_head_json":{"title":"EPNT-7 - Telio","description":"O carcas\u0103 robust\u0103 pentru exterior, cu anten\u0103 integrat\u0103, destinat\u0103 nodurilor Wi-Fi mesh de nivel 2, care permite o solu\u021bie CPE Se utilizeaz\u0103 cabluri RF scurte, reduc\u00e2nd la minimum pierderile de semnal Antene Wi-Fi 4x4 MIMO dual-band de 2,4 GHz \u0219i 5\u20136 GHz Compatibil cu standardele IEEE 802.11 b\/g\/n\/ac\/ax (Wi-Fi 4\/5\/6) Baz\u0103 din aluminiu turnat cu acoperire pulverizat\u0103 pentru disiparea c\u0103ldurii \u0219i dispozitive de detensionare a cablurilor rezistente la vibra\u021bii Fereastr\u0103 de stare cu LED pentru diagnosticare u\u0219oar\u0103 la fa\u021ba locului Carcas\u0103 robust\u0103 cu clasificare IP69K\/IK08 pentru medii industriale dure","robots":{"index":"noindex","follow":"follow","max-snippet":"max-snippet:-1","max-image-preview":"max-image-preview:large","max-video-preview":"max-video-preview:-1"},"og_locale":"en_GB","og_type":"article","og_title":"EPNT-7 - Telio","og_description":"O carcas\u0103 robust\u0103 pentru exterior, cu anten\u0103 integrat\u0103, destinat\u0103 nodurilor Wi-Fi mesh de nivel 2, care permite o solu\u021bie CPE Se utilizeaz\u0103 cabluri RF scurte, reduc\u00e2nd la minimum pierderile de semnal Antene Wi-Fi 4x4 MIMO dual-band de 2,4 GHz \u0219i 5\u20136 GHz Compatibil cu standardele IEEE 802.11 b\/g\/n\/ac\/ax (Wi-Fi 4\/5\/6) Baz\u0103 din aluminiu turnat cu acoperire pulverizat\u0103 pentru disiparea c\u0103ldurii \u0219i dispozitive de detensionare a cablurilor rezistente la vibra\u021bii Fereastr\u0103 de stare cu LED pentru diagnosticare u\u0219oar\u0103 la fa\u021ba locului Carcas\u0103 robust\u0103 cu clasificare IP69K\/IK08 pentru medii industriale dure","og_url":"https:\/\/telio.ro\/en\/product\/epnt-7\/","og_site_name":"Telio","article_modified_time":"2026-05-09T18:14:34+00:00","og_image":[{"width":468,"height":363,"url":"https:\/\/telio.ro\/wp-content\/uploads\/2026\/04\/EPNT-7-Banner-Feature-v2.webp","type":"image\/webp"}],"twitter_card":"summary_large_image","twitter_misc":{"Estimated reading time":"1 minute"},"schema":{"@context":"https:\/\/schema.org","@graph":[{"@type":"WebPage","@id":"https:\/\/telio.ro\/produs\/epnt-7\/","url":"https:\/\/telio.ro\/produs\/epnt-7\/","name":"EPNT-7 - Telio","isPartOf":{"@id":"https:\/\/telio.ro\/#website"},"primaryImageOfPage":{"@id":"https:\/\/telio.ro\/produs\/epnt-7\/#primaryimage"},"image":{"@id":"https:\/\/telio.ro\/produs\/epnt-7\/#primaryimage"},"thumbnailUrl":"https:\/\/telio.ro\/wp-content\/uploads\/2026\/04\/EPNT-7-Banner-Feature-v2.webp","datePublished":"2026-04-23T11:39:58+00:00","dateModified":"2026-05-09T18:14:34+00:00","description":"O carcas\u0103 robust\u0103 pentru exterior, cu anten\u0103 integrat\u0103, destinat\u0103 nodurilor Wi-Fi mesh de nivel 2, care permite o solu\u021bie CPE Se utilizeaz\u0103 cabluri RF scurte, reduc\u00e2nd la minimum pierderile de semnal Antene Wi-Fi 4x4 MIMO dual-band de 2,4 GHz \u0219i 5\u20136 GHz Compatibil cu standardele IEEE 802.11 b\/g\/n\/ac\/ax (Wi-Fi 4\/5\/6) Baz\u0103 din aluminiu turnat cu acoperire pulverizat\u0103 pentru disiparea c\u0103ldurii \u0219i dispozitive de detensionare a cablurilor rezistente la vibra\u021bii Fereastr\u0103 de stare cu LED pentru diagnosticare u\u0219oar\u0103 la fa\u021ba locului Carcas\u0103 robust\u0103 cu clasificare IP69K\/IK08 pentru medii industriale dure","breadcrumb":{"@id":"https:\/\/telio.ro\/produs\/epnt-7\/#breadcrumb"},"inLanguage":"en-GB","potentialAction":[{"@type":"ReadAction","target":["https:\/\/telio.ro\/produs\/epnt-7\/"]}]},{"@type":"ImageObject","inLanguage":"en-GB","@id":"https:\/\/telio.ro\/produs\/epnt-7\/#primaryimage","url":"https:\/\/telio.ro\/wp-content\/uploads\/2026\/04\/EPNT-7-Banner-Feature-v2.webp","contentUrl":"https:\/\/telio.ro\/wp-content\/uploads\/2026\/04\/EPNT-7-Banner-Feature-v2.webp","width":468,"height":363},{"@type":"BreadcrumbList","@id":"https:\/\/telio.ro\/produs\/epnt-7\/#breadcrumb","itemListElement":[{"@type":"ListItem","position":1,"name":"Prima pagin\u0103","item":"https:\/\/telio.ro\/"},{"@type":"ListItem","position":2,"name":"Toate produsele","item":"https:\/\/telio.ro\/shop\/"},{"@type":"ListItem","position":3,"name":"EPNT-7"}]},{"@type":"WebSite","@id":"https:\/\/telio.ro\/#website","url":"https:\/\/telio.ro\/","name":"Telio","description":"Reliable connectivity","potentialAction":[{"@type":"SearchAction","target":{"@type":"EntryPoint","urlTemplate":"https:\/\/telio.ro\/?s={search_term_string}"},"query-input":{"@type":"PropertyValueSpecification","valueRequired":true,"valueName":"search_term_string"}}],"inLanguage":"en-GB"}]}},"_links":{"self":[{"href":"https:\/\/telio.ro\/en\/wp-json\/wp\/v2\/product\/29462","targetHints":{"allow":["GET"]}}],"collection":[{"href":"https:\/\/telio.ro\/en\/wp-json\/wp\/v2\/product"}],"about":[{"href":"https:\/\/telio.ro\/en\/wp-json\/wp\/v2\/types\/product"}],"replies":[{"embeddable":true,"href":"https:\/\/telio.ro\/en\/wp-json\/wp\/v2\/comments?post=29462"}],"version-history":[{"count":1,"href":"https:\/\/telio.ro\/en\/wp-json\/wp\/v2\/product\/29462\/revisions"}],"predecessor-version":[{"id":29464,"href":"https:\/\/telio.ro\/en\/wp-json\/wp\/v2\/product\/29462\/revisions\/29464"}],"wp:featuredmedia":[{"embeddable":true,"href":"https:\/\/telio.ro\/en\/wp-json\/wp\/v2\/media\/29463"}],"wp:attachment":[{"href":"https:\/\/telio.ro\/en\/wp-json\/wp\/v2\/media?parent=29462"}],"wp:term":[{"taxonomy":"product_brand","embeddable":true,"href":"https:\/\/telio.ro\/en\/wp-json\/wp\/v2\/product_brand?post=29462"},{"taxonomy":"product_cat","embeddable":true,"href":"https:\/\/telio.ro\/en\/wp-json\/wp\/v2\/product_cat?post=29462"},{"taxonomy":"product_tag","embeddable":true,"href":"https:\/\/telio.ro\/en\/wp-json\/wp\/v2\/product_tag?post=29462"}],"curies":[{"name":"wp","href":"https:\/\/api.w.org\/{rel}","templated":true}]}}