{"id":29459,"date":"2026-04-23T11:37:49","date_gmt":"2026-04-23T11:37:49","guid":{"rendered":"https:\/\/teltonika-networks.ro\/?post_type=product&#038;p=29459"},"modified":"2026-05-09T21:15:06","modified_gmt":"2026-05-09T18:15:06","slug":"puck-8-v2","status":"publish","type":"product","link":"https:\/\/telio.ro\/en\/product\/puck-8-v2\/","title":{"rendered":"PUCK-8-V2"},"content":{"rendered":"<p>Gama PUCK de la POYNTING prezint\u0103 o anten\u0103 compact\u0103 \u0219i performant\u0103, conceput\u0103 pentru aplica\u021bii din domeniile IoT\/M2M, contorizare inteligent\u0103, utilit\u0103\u021bi inteligente, transporturi, sectorul maritim \u0219i agricultur\u0103. PUCK-8 este un sistem de antene 3-\u00een-1 integrat \u00eentr-o singur\u0103 carcas\u0103, oferind conectivitate fiabil\u0103 \u0219i adaptat\u0103 viitorului pentru re\u021belele 5G, LTE \u0219i Wi-Fi.<\/p>\n<p>Acoperire celular\u0103 de band\u0103 larg\u0103: Dispune de 2 antene MIMO celulare care acoper\u0103 frecven\u021bele de la 617 la 6000 MHz, asigur\u00e2nd compatibilitatea cu re\u021belele 2G, 3G, 4G \u0219i 5G.<br \/>\nConectivitate Wi-Fi dual-band: Suport\u0103 benzile de 2,4 GHz, 5 GHz \u0219i 6 GHz, compatibile cu standardele 802.11n, 802.11ac\/ax\/be.<br \/>\nImplementare 5G \u0219i LTE adaptat\u0103 viitorului: Performan\u021ba de band\u0103 ultra-larg\u0103 asigur\u0103 o func\u021bionare f\u0103r\u0103 \u00eentreruperi \u00eentre diferi\u021bi operatori \u0219i tehnologii celulare \u00een evolu\u021bie de p\u00e2n\u0103 la 6 GHz.<br \/>\nModele de radia\u021bie optimizate: Ofer\u0103 un echilibru \u00eentre omnidirec\u021bionalitate, diversitatea modelelor \u0219i performan\u021ba fiabil\u0103 a semnalului la \u00een\u0103l\u021bimea dorit\u0103.<br \/>\nDesign compact \u0219i versatil: Dimensiunile reduse permit integrarea u\u0219oar\u0103 \u00een multiple industrii, men\u021bin\u00e2nd \u00een acela\u0219i timp capacit\u0103\u021bile de \u00eenalt\u0103 performan\u021b\u0103.<br \/>\nStabilitate \u00eembun\u0103t\u0103\u021bit\u0103 a conexiunii: Proiectat pentru a asigura c\u0103 ambele porturi 5G\/LTE sunt conectate la router\/dispozitiv pentru un debit \u0219i o performan\u021b\u0103 maxime.<\/p>\n<p>PUCK-8 este o alegere excelent\u0103 pentru aplica\u021bii care necesit\u0103 o solu\u021bie de anten\u0103 compact\u0103, dar puternic\u0103, oferind o conectivitate 5G, LTE \u0219i Wi-Fi puternic\u0103 \u0219i stabil\u0103. Pentru aplica\u021bii SISO, alte variante din gama PUCK pot fi mai potrivite.<\/p>\n<p>Aplica\u021bii ideale<br \/>\nUtilit\u0103\u021bi inteligente: contorizare inteligent\u0103 a energiei electrice, gazului \u0219i apei<br \/>\nCl\u0103diri inteligente: climatizare, controlul accesului, securitate, iriga\u021bii<br \/>\nAutomatizarea industrial\u0103 a fabricilor, utilaje robotizate \u0219i alte sisteme M2M<br \/>\nSemnalizare digital\u0103<br \/>\nDepozite \u0219i sisteme logistice<br \/>\nTransport (autobuze, utilit\u0103\u021bi \u0219i siguran\u021b\u0103 public\u0103)<br \/>\nComunica\u021bii, telemetrie \u0219i automatizare pentru vehicule \u0219i utilaje miniere (M2M \u0219i IoT)<br \/>\nMa\u0219ini agricole<br \/>\nMaritim: ambarca\u021biuni mici, iahturi \u00een apropierea coastelor sau \u00een apele interioare<\/p>","protected":false},"excerpt":{"rendered":"<p>Anten\u0103 multifrecven\u021bial\u0103 3-\u00een-1 5G de \u00eenalt\u0103 performan\u021b\u0103<br \/>\nAntena suport\u0103 re\u021bele Private 5G\/5G\/4G\/3G\/2G\/Wi-Fi 6e\/Wi-Fi 7\/LoRa\/Bluetooth<br \/>\n5G (2&#215;2 MIMO) \u0219i Wi-Fi dual-band<br \/>\nAcoperire ultra-larg\u0103 de band\u0103 de la 617 la 6000 MHz pentru re\u021bele celulare<br \/>\nRobust\u0103, rezistent\u0103 la vandalism \u0219i impermeabil\u0103 (IP 69K)<br \/>\nIdeal\u0103 pentru transport, aplica\u021bii marine \u0219i IoT\/M2M<br \/>\nOp\u021biuni de montare extrem de versatile pentru o instalare u\u0219oar\u0103<\/p>","protected":false},"featured_media":29460,"comment_status":"open","ping_status":"closed","template":"","meta":[],"product_brand":[54],"product_cat":[91],"product_tag":[],"class_list":{"0":"post-29459","1":"product","2":"type-product","3":"status-publish","4":"has-post-thumbnail","6":"product_brand-poynting","7":"product_cat-antene","9":"first","10":"instock","11":"taxable","12":"shipping-taxable","13":"purchasable","14":"product-type-simple"},"yoast_head":"<!-- This site is optimized with the Yoast SEO plugin v27.5 - https:\/\/yoast.com\/product\/yoast-seo-wordpress\/ -->\n<title>PUCK-8-V2 - Telio<\/title>\n<meta name=\"description\" content=\"Anten\u0103 multifrecven\u021bial\u0103 3-\u00een-1 5G de \u00eenalt\u0103 performan\u021b\u0103 Antena suport\u0103 re\u021bele Private 5G\/5G\/4G\/3G\/2G\/Wi-Fi 6e\/Wi-Fi 7\/LoRa\/Bluetooth 5G (2x2 MIMO) \u0219i Wi-Fi dual-band Acoperire ultra-larg\u0103 de band\u0103 de la 617 la 6000 MHz pentru re\u021bele celulare Robust\u0103, rezistent\u0103 la vandalism \u0219i impermeabil\u0103 (IP 69K) Ideal\u0103 pentru transport, aplica\u021bii marine \u0219i IoT\/M2M Op\u021biuni de montare extrem de versatile pentru o instalare u\u0219oar\u0103\" \/>\n<meta name=\"robots\" content=\"noindex, follow, max-snippet:-1, max-image-preview:large, max-video-preview:-1\" \/>\n<meta property=\"og:locale\" content=\"en_GB\" \/>\n<meta property=\"og:type\" content=\"article\" \/>\n<meta property=\"og:title\" content=\"PUCK-8-V2 - Telio\" \/>\n<meta property=\"og:description\" content=\"Anten\u0103 multifrecven\u021bial\u0103 3-\u00een-1 5G de \u00eenalt\u0103 performan\u021b\u0103 Antena suport\u0103 re\u021bele Private 5G\/5G\/4G\/3G\/2G\/Wi-Fi 6e\/Wi-Fi 7\/LoRa\/Bluetooth 5G (2x2 MIMO) \u0219i Wi-Fi dual-band Acoperire ultra-larg\u0103 de band\u0103 de la 617 la 6000 MHz pentru re\u021bele celulare Robust\u0103, rezistent\u0103 la vandalism \u0219i impermeabil\u0103 (IP 69K) Ideal\u0103 pentru transport, aplica\u021bii marine \u0219i IoT\/M2M Op\u021biuni de montare extrem de versatile pentru o instalare u\u0219oar\u0103\" \/>\n<meta property=\"og:url\" content=\"https:\/\/telio.ro\/en\/product\/puck-8-v2\/\" \/>\n<meta property=\"og:site_name\" content=\"Telio\" \/>\n<meta property=\"article:modified_time\" content=\"2026-05-09T18:15:06+00:00\" \/>\n<meta property=\"og:image\" content=\"https:\/\/telio.ro\/wp-content\/uploads\/2026\/04\/PUCK-V2-Black-Banner-Feature.webp\" \/>\n\t<meta property=\"og:image:width\" content=\"340\" \/>\n\t<meta property=\"og:image:height\" content=\"194\" \/>\n\t<meta property=\"og:image:type\" content=\"image\/webp\" \/>\n<meta name=\"twitter:card\" content=\"summary_large_image\" \/>\n<meta name=\"twitter:label1\" content=\"Estimated reading time\" \/>\n\t<meta name=\"twitter:data1\" content=\"2 minutes\" \/>\n<script type=\"application\/ld+json\" class=\"yoast-schema-graph\">{\"@context\":\"https:\\\/\\\/schema.org\",\"@graph\":[{\"@type\":\"WebPage\",\"@id\":\"https:\\\/\\\/telio.ro\\\/produs\\\/puck-8-v2\\\/\",\"url\":\"https:\\\/\\\/telio.ro\\\/produs\\\/puck-8-v2\\\/\",\"name\":\"PUCK-8-V2 - Telio\",\"isPartOf\":{\"@id\":\"https:\\\/\\\/telio.ro\\\/#website\"},\"primaryImageOfPage\":{\"@id\":\"https:\\\/\\\/telio.ro\\\/produs\\\/puck-8-v2\\\/#primaryimage\"},\"image\":{\"@id\":\"https:\\\/\\\/telio.ro\\\/produs\\\/puck-8-v2\\\/#primaryimage\"},\"thumbnailUrl\":\"https:\\\/\\\/telio.ro\\\/wp-content\\\/uploads\\\/2026\\\/04\\\/PUCK-V2-Black-Banner-Feature.webp\",\"datePublished\":\"2026-04-23T11:37:49+00:00\",\"dateModified\":\"2026-05-09T18:15:06+00:00\",\"description\":\"Anten\u0103 multifrecven\u021bial\u0103 3-\u00een-1 5G de \u00eenalt\u0103 performan\u021b\u0103 Antena suport\u0103 re\u021bele Private 5G\\\/5G\\\/4G\\\/3G\\\/2G\\\/Wi-Fi 6e\\\/Wi-Fi 7\\\/LoRa\\\/Bluetooth 5G (2x2 MIMO) \u0219i Wi-Fi dual-band Acoperire ultra-larg\u0103 de band\u0103 de la 617 la 6000 MHz pentru re\u021bele celulare Robust\u0103, rezistent\u0103 la vandalism \u0219i impermeabil\u0103 (IP 69K) Ideal\u0103 pentru transport, aplica\u021bii marine \u0219i IoT\\\/M2M Op\u021biuni de montare extrem de versatile pentru o instalare u\u0219oar\u0103\",\"breadcrumb\":{\"@id\":\"https:\\\/\\\/telio.ro\\\/produs\\\/puck-8-v2\\\/#breadcrumb\"},\"inLanguage\":\"en-GB\",\"potentialAction\":[{\"@type\":\"ReadAction\",\"target\":[\"https:\\\/\\\/telio.ro\\\/produs\\\/puck-8-v2\\\/\"]}]},{\"@type\":\"ImageObject\",\"inLanguage\":\"en-GB\",\"@id\":\"https:\\\/\\\/telio.ro\\\/produs\\\/puck-8-v2\\\/#primaryimage\",\"url\":\"https:\\\/\\\/telio.ro\\\/wp-content\\\/uploads\\\/2026\\\/04\\\/PUCK-V2-Black-Banner-Feature.webp\",\"contentUrl\":\"https:\\\/\\\/telio.ro\\\/wp-content\\\/uploads\\\/2026\\\/04\\\/PUCK-V2-Black-Banner-Feature.webp\",\"width\":340,\"height\":194},{\"@type\":\"BreadcrumbList\",\"@id\":\"https:\\\/\\\/telio.ro\\\/produs\\\/puck-8-v2\\\/#breadcrumb\",\"itemListElement\":[{\"@type\":\"ListItem\",\"position\":1,\"name\":\"Prima pagin\u0103\",\"item\":\"https:\\\/\\\/telio.ro\\\/\"},{\"@type\":\"ListItem\",\"position\":2,\"name\":\"Toate produsele\",\"item\":\"https:\\\/\\\/telio.ro\\\/shop\\\/\"},{\"@type\":\"ListItem\",\"position\":3,\"name\":\"PUCK-8-V2\"}]},{\"@type\":\"WebSite\",\"@id\":\"https:\\\/\\\/telio.ro\\\/#website\",\"url\":\"https:\\\/\\\/telio.ro\\\/\",\"name\":\"Telio\",\"description\":\"Reliable connectivity\",\"potentialAction\":[{\"@type\":\"SearchAction\",\"target\":{\"@type\":\"EntryPoint\",\"urlTemplate\":\"https:\\\/\\\/telio.ro\\\/?s={search_term_string}\"},\"query-input\":{\"@type\":\"PropertyValueSpecification\",\"valueRequired\":true,\"valueName\":\"search_term_string\"}}],\"inLanguage\":\"en-GB\"}]}<\/script>\n<!-- \/ Yoast SEO plugin. -->","yoast_head_json":{"title":"PUCK-8-V2 - Telio","description":"Anten\u0103 multifrecven\u021bial\u0103 3-\u00een-1 5G de \u00eenalt\u0103 performan\u021b\u0103 Antena suport\u0103 re\u021bele Private 5G\/5G\/4G\/3G\/2G\/Wi-Fi 6e\/Wi-Fi 7\/LoRa\/Bluetooth 5G (2x2 MIMO) \u0219i Wi-Fi dual-band Acoperire ultra-larg\u0103 de band\u0103 de la 617 la 6000 MHz pentru re\u021bele celulare Robust\u0103, rezistent\u0103 la vandalism \u0219i impermeabil\u0103 (IP 69K) Ideal\u0103 pentru transport, aplica\u021bii marine \u0219i IoT\/M2M Op\u021biuni de montare extrem de versatile pentru o instalare u\u0219oar\u0103","robots":{"index":"noindex","follow":"follow","max-snippet":"max-snippet:-1","max-image-preview":"max-image-preview:large","max-video-preview":"max-video-preview:-1"},"og_locale":"en_GB","og_type":"article","og_title":"PUCK-8-V2 - Telio","og_description":"Anten\u0103 multifrecven\u021bial\u0103 3-\u00een-1 5G de \u00eenalt\u0103 performan\u021b\u0103 Antena suport\u0103 re\u021bele Private 5G\/5G\/4G\/3G\/2G\/Wi-Fi 6e\/Wi-Fi 7\/LoRa\/Bluetooth 5G (2x2 MIMO) \u0219i Wi-Fi dual-band Acoperire ultra-larg\u0103 de band\u0103 de la 617 la 6000 MHz pentru re\u021bele celulare Robust\u0103, rezistent\u0103 la vandalism \u0219i impermeabil\u0103 (IP 69K) Ideal\u0103 pentru transport, aplica\u021bii marine \u0219i IoT\/M2M Op\u021biuni de montare extrem de versatile pentru o instalare u\u0219oar\u0103","og_url":"https:\/\/telio.ro\/en\/product\/puck-8-v2\/","og_site_name":"Telio","article_modified_time":"2026-05-09T18:15:06+00:00","og_image":[{"width":340,"height":194,"url":"https:\/\/telio.ro\/wp-content\/uploads\/2026\/04\/PUCK-V2-Black-Banner-Feature.webp","type":"image\/webp"}],"twitter_card":"summary_large_image","twitter_misc":{"Estimated reading time":"2 minutes"},"schema":{"@context":"https:\/\/schema.org","@graph":[{"@type":"WebPage","@id":"https:\/\/telio.ro\/produs\/puck-8-v2\/","url":"https:\/\/telio.ro\/produs\/puck-8-v2\/","name":"PUCK-8-V2 - Telio","isPartOf":{"@id":"https:\/\/telio.ro\/#website"},"primaryImageOfPage":{"@id":"https:\/\/telio.ro\/produs\/puck-8-v2\/#primaryimage"},"image":{"@id":"https:\/\/telio.ro\/produs\/puck-8-v2\/#primaryimage"},"thumbnailUrl":"https:\/\/telio.ro\/wp-content\/uploads\/2026\/04\/PUCK-V2-Black-Banner-Feature.webp","datePublished":"2026-04-23T11:37:49+00:00","dateModified":"2026-05-09T18:15:06+00:00","description":"Anten\u0103 multifrecven\u021bial\u0103 3-\u00een-1 5G de \u00eenalt\u0103 performan\u021b\u0103 Antena suport\u0103 re\u021bele Private 5G\/5G\/4G\/3G\/2G\/Wi-Fi 6e\/Wi-Fi 7\/LoRa\/Bluetooth 5G (2x2 MIMO) \u0219i Wi-Fi dual-band Acoperire ultra-larg\u0103 de band\u0103 de la 617 la 6000 MHz pentru re\u021bele celulare Robust\u0103, rezistent\u0103 la vandalism \u0219i impermeabil\u0103 (IP 69K) Ideal\u0103 pentru transport, aplica\u021bii marine \u0219i IoT\/M2M Op\u021biuni de montare extrem de versatile pentru o instalare u\u0219oar\u0103","breadcrumb":{"@id":"https:\/\/telio.ro\/produs\/puck-8-v2\/#breadcrumb"},"inLanguage":"en-GB","potentialAction":[{"@type":"ReadAction","target":["https:\/\/telio.ro\/produs\/puck-8-v2\/"]}]},{"@type":"ImageObject","inLanguage":"en-GB","@id":"https:\/\/telio.ro\/produs\/puck-8-v2\/#primaryimage","url":"https:\/\/telio.ro\/wp-content\/uploads\/2026\/04\/PUCK-V2-Black-Banner-Feature.webp","contentUrl":"https:\/\/telio.ro\/wp-content\/uploads\/2026\/04\/PUCK-V2-Black-Banner-Feature.webp","width":340,"height":194},{"@type":"BreadcrumbList","@id":"https:\/\/telio.ro\/produs\/puck-8-v2\/#breadcrumb","itemListElement":[{"@type":"ListItem","position":1,"name":"Prima pagin\u0103","item":"https:\/\/telio.ro\/"},{"@type":"ListItem","position":2,"name":"Toate produsele","item":"https:\/\/telio.ro\/shop\/"},{"@type":"ListItem","position":3,"name":"PUCK-8-V2"}]},{"@type":"WebSite","@id":"https:\/\/telio.ro\/#website","url":"https:\/\/telio.ro\/","name":"Telio","description":"Reliable connectivity","potentialAction":[{"@type":"SearchAction","target":{"@type":"EntryPoint","urlTemplate":"https:\/\/telio.ro\/?s={search_term_string}"},"query-input":{"@type":"PropertyValueSpecification","valueRequired":true,"valueName":"search_term_string"}}],"inLanguage":"en-GB"}]}},"_links":{"self":[{"href":"https:\/\/telio.ro\/en\/wp-json\/wp\/v2\/product\/29459","targetHints":{"allow":["GET"]}}],"collection":[{"href":"https:\/\/telio.ro\/en\/wp-json\/wp\/v2\/product"}],"about":[{"href":"https:\/\/telio.ro\/en\/wp-json\/wp\/v2\/types\/product"}],"replies":[{"embeddable":true,"href":"https:\/\/telio.ro\/en\/wp-json\/wp\/v2\/comments?post=29459"}],"version-history":[{"count":1,"href":"https:\/\/telio.ro\/en\/wp-json\/wp\/v2\/product\/29459\/revisions"}],"predecessor-version":[{"id":29461,"href":"https:\/\/telio.ro\/en\/wp-json\/wp\/v2\/product\/29459\/revisions\/29461"}],"wp:featuredmedia":[{"embeddable":true,"href":"https:\/\/telio.ro\/en\/wp-json\/wp\/v2\/media\/29460"}],"wp:attachment":[{"href":"https:\/\/telio.ro\/en\/wp-json\/wp\/v2\/media?parent=29459"}],"wp:term":[{"taxonomy":"product_brand","embeddable":true,"href":"https:\/\/telio.ro\/en\/wp-json\/wp\/v2\/product_brand?post=29459"},{"taxonomy":"product_cat","embeddable":true,"href":"https:\/\/telio.ro\/en\/wp-json\/wp\/v2\/product_cat?post=29459"},{"taxonomy":"product_tag","embeddable":true,"href":"https:\/\/telio.ro\/en\/wp-json\/wp\/v2\/product_tag?post=29459"}],"curies":[{"name":"wp","href":"https:\/\/api.w.org\/{rel}","templated":true}]}}