{"id":3,"date":"2026-03-16T09:11:33","date_gmt":"2026-03-16T09:11:33","guid":{"rendered":"https:\/\/teltonika-networks.ro\/?page_id=3"},"modified":"2026-04-23T09:45:57","modified_gmt":"2026-04-23T09:45:57","slug":"politica-de-confidentialitate","status":"publish","type":"page","link":"https:\/\/telio.ro\/en\/politica-de-confidentialitate\/","title":{"rendered":"Privacy Policy"},"content":{"rendered":"\n<h1 class=\"wp-block-wd-title title wd-ac83ce1f\">Politica de Confiden\u021bialitate<\/h1>\n\n\n\n<p class=\"wp-block-wd-paragraph wd-017144eb\"><strong>Ultima actualizare:<\/strong> [23.04.2026: data public\u0103rii]<\/p>\n\n\n\n<p class=\"wp-block-wd-paragraph wd-3ceb0b39\">Telio respect\u0103 confiden\u021bialitatea datelor dumneavoastr\u0103 personale \u0219i se angajeaz\u0103 s\u0103 le proteseze conform <strong>Regulamentului (UE) 2016\/679<\/strong> (GDPR) \u0219i legisla\u021biei rom\u00e2ne \u00een vigoare.<\/p>\n\n\n\n<p class=\"wp-block-wd-paragraph wd-05e89bd5\">Aceast\u0103 politic\u0103 explic\u0103 ce date colect\u0103m, \u00een ce scop, cu cine le partaj\u0103m \u0219i ce drepturi ave\u021bi.<\/p>\n\n\n\n<div class=\"wp-block-wd-divider wd-style-line wd-2a1bf560\"><\/div>\n\n\n\n<h2 class=\"wp-block-wd-title title wd-a41e1932\">1. Operatorul de date<\/h2>\n\n\n\n<p class=\"wp-block-wd-paragraph wd-06330b56\">Operatorul datelor cu caracter personal colectate prin website-ul <strong>telio.ro<\/strong> este:<\/p>\n\n\n\n<ul class=\"wp-block-list\">\n<li><strong>Denumire societate:<\/strong>\u00a0[TELIO SYSTEMS S.R.L.]<\/li>\n\n\n\n<li><strong>Sediu social:<\/strong>\u00a0[Bucuresti, Sectorul 2, Sos. Pantelimon 254\u00a0Bl. 55 Sc. B Et. 2 Ap. 63 Cod 021647]<\/li>\n\n\n\n<li><strong>Cod Unic de \u00cenregistrare (CUI):<\/strong>\u00a0[43383031]<\/li>\n\n\n\n<li><strong>Nr. Registrul Comer\u021bului:<\/strong>\u00a0[J2020016324408]<\/li>\n\n\n\n<li><strong>Telefon:<\/strong>\u00a00722 568 881<\/li>\n\n\n\n<li><strong>E-mail:<\/strong>\u00a0office@telio.ro<\/li>\n<\/ul>\n\n\n\n<p class=\"wp-block-wd-paragraph wd-6716ded7\">denumit\u0103 \u00een continuare\u00a0<strong>\u201eV\u00e2nz\u0103torul\u201d<\/strong>\u00a0sau\u00a0<strong>\u201eTelio\u201d<\/strong>.<\/p>\n\n\n\n<div class=\"wp-block-wd-divider wd-style-line wd-ea817183\"><\/div>\n\n\n\n<h2 class=\"wp-block-wd-title title wd-429745e1\">2. Ce date colect\u0103m<\/h2>\n\n\n\n<p class=\"wp-block-wd-paragraph wd-df1452d1\">\u00cen func\u021bie de modul \u00een care interac\u021biona\u021bi cu Site-ul, putem colecta urm\u0103toarele categorii de date:<\/p>\n\n\n\n<h3 class=\"wp-block-wd-title title wd-86eb958d\">2.1. Date furnizate direct de dvs.<\/h3>\n\n\n\n<p class=\"wp-block-wd-paragraph wd-5edcdf6c\"><strong>La crearea contului \/ plasarea unei comenzi:<\/strong><\/p>\n\n\n\n<ul class=\"wp-block-list\">\n<li>Nume \u0219i prenume<\/li>\n\n\n\n<li>Adres\u0103 de e-mail<\/li>\n\n\n\n<li>Num\u0103r de telefon<\/li>\n\n\n\n<li>Adres\u0103 de livrare \u0219i facturare<\/li>\n\n\n\n<li>Pentru persoane juridice: denumire societate, CUI, Nr. Reg. Comer\u021bului, sediu social<\/li>\n<\/ul>\n\n\n\n<p class=\"wp-block-wd-paragraph wd-9d16bcab\"><strong>La completarea formularelor de contact:<\/strong><\/p>\n\n\n\n<ul class=\"wp-block-list\">\n<li>Nume<\/li>\n\n\n\n<li>E-mail<\/li>\n\n\n\n<li>Telefon (op\u021bional)<\/li>\n\n\n\n<li>Mesajul transmis<\/li>\n<\/ul>\n\n\n\n<p class=\"wp-block-wd-paragraph wd-d28809ee\"><strong>La abonarea la newsletter:<\/strong><\/p>\n\n\n\n<ul class=\"wp-block-list\">\n<li>Adres\u0103 de e-mail<\/li>\n<\/ul>\n\n\n\n<h3 class=\"wp-block-wd-title title wd-a23ca78e\">2.2. Date colectate automat<\/h3>\n\n\n\n<p class=\"wp-block-wd-paragraph wd-c5020bbe\">C\u00e2nd vizita\u021bi Site-ul, sunt colectate automat:<\/p>\n\n\n\n<ul class=\"wp-block-list\">\n<li>Adresa IP<\/li>\n\n\n\n<li>Tipul \u0219i versiunea browserului<\/li>\n\n\n\n<li>Sistemul de operare<\/li>\n\n\n\n<li>Paginile vizitate, durata vizitei, ora acces\u0103rii<\/li>\n\n\n\n<li>Sursa traficului (de unde a\u021bi ajuns pe Site)<\/li>\n\n\n\n<li>Date de localizare aproximativ\u0103 (\u021bara, ora\u0219ul)<\/li>\n<\/ul>\n\n\n\n<p class=\"wp-block-wd-paragraph wd-4dede935\">Aceste date sunt colectate prin <strong>cookie-uri<\/strong> \u0219i tehnologii similare. Detalii complete \u00een <strong>Politica de cookie-uri<\/strong>.<\/p>\n\n\n\n<h3 class=\"wp-block-wd-title title wd-ae2cef2c\">2.3. Date despre tranzac\u021bii<\/h3>\n\n\n\n<ul class=\"wp-block-list\">\n<li>Istoric comenzi<\/li>\n\n\n\n<li>Sume tranzac\u021bionate<\/li>\n\n\n\n<li>Metoda de plat\u0103 utilizat\u0103<\/li>\n<\/ul>\n\n\n\n<div class=\"wp-block-wd-divider wd-style-line wd-bb75ee47\"><\/div>\n\n\n\n<h2 class=\"wp-block-wd-title title wd-57e44704\">3. Scopurile prelucr\u0103rii \u0219i temeiurile legale<\/h2>\n\n\n\n<figure class=\"wp-block-table\"><table class=\"has-fixed-layout\"><thead><tr><th>Scopul prelucr\u0103rii<\/th><th>Temei legal (GDPR)<\/th><\/tr><\/thead><tbody><tr><td>Procesarea comenzilor \u0219i livrarea produselor<\/td><td>Executarea contractului (art. 6 alin. 1 lit. b)<\/td><\/tr><tr><td>Emiterea facturilor \u0219i raportare contabil\u0103<\/td><td>Obliga\u021bie legal\u0103 (art. 6 alin. 1 lit. c)<\/td><\/tr><tr><td>Crearea \u0219i administrarea contului de utilizator<\/td><td>Executarea contractului (art. 6 alin. 1 lit. b)<\/td><\/tr><tr><td>R\u0103spuns la solicit\u0103rile de pe formularul de contact<\/td><td>Interes legitim (art. 6 alin. 1 lit. f)<\/td><\/tr><tr><td>Trimitere newsletter \u0219i comunic\u0103ri de marketing<\/td><td>Consim\u021b\u0103m\u00e2nt (art. 6 alin. 1 lit. a)<\/td><\/tr><tr><td>Analiz\u0103 trafic \u0219i \u00eembun\u0103t\u0103\u021birea Site-ului<\/td><td>Interes legitim \/ Consim\u021b\u0103m\u00e2nt (cookies)<\/td><\/tr><tr><td>Prevenirea fraudelor \u0219i securitate<\/td><td>Interes legitim (art. 6 alin. 1 lit. f)<\/td><\/tr><tr><td>Solu\u021bionarea reclama\u021biilor \u0219i litigiilor<\/td><td>Interes legitim \/ Obliga\u021bie legal\u0103<\/td><\/tr><\/tbody><\/table><\/figure>\n\n\n\n<div class=\"wp-block-wd-divider wd-style-line wd-80d48869\"><\/div>\n\n\n\n<h2 class=\"wp-block-wd-title title wd-26853d42\">4. Cu cine partaj\u0103m datele<\/h2>\n\n\n\n<p class=\"wp-block-wd-paragraph wd-b9226352\">Nu vindem datele dumneavoastr\u0103 personale. Le putem partaja, \u00een scopuri strict opera\u021bionale, cu:<\/p>\n\n\n\n<ul class=\"wp-block-list\">\n<li><strong>Furnizori de servicii de curierat<\/strong> \u2013 pentru livrarea coletelor (ex: Fan Courier, Sameday, DPD, GLS, Cargus etc.)<\/li>\n\n\n\n<li><strong>Furnizori de servicii IT \u0219i hosting<\/strong> \u2013 pentru func\u021bionarea Site-ului<\/li>\n\n\n\n<li><strong>Furnizori de servicii de analiz\u0103 web<\/strong> \u2013 Google Analytics, Meta Pixel etc. (\u00een form\u0103 agregat\u0103, dac\u0103 este cazul)<\/li>\n\n\n\n<li><strong>Contabilitate \u0219i consultan\u021b\u0103<\/strong> \u2013 pentru \u00eendeplinirea obliga\u021biilor fiscale<\/li>\n\n\n\n<li><strong>Autorit\u0103\u021bi publice<\/strong> \u2013 c\u00e2nd exist\u0103 o obliga\u021bie legal\u0103<\/li>\n<\/ul>\n\n\n\n<p class=\"wp-block-wd-paragraph wd-6d219b1a\">To\u021bi partenerii cu care lucr\u0103m respect\u0103 cerin\u021bele GDPR \u0219i au semnat acorduri de prelucrare a datelor.<\/p>\n\n\n\n<div class=\"wp-block-wd-divider wd-style-line wd-c5604dac\"><\/div>\n\n\n\n<h2 class=\"wp-block-wd-title title wd-a0436f14\">5. Transferul datelor \u00een afara UE<\/h2>\n\n\n\n<p class=\"wp-block-wd-paragraph wd-0abfaf67\">Unele dintre serviciile pe care le folosim (ex: Google Analytics, Meta) pot transfera date \u00een afara Spa\u021biului Economic European, \u00een Statele Unite sau \u00een alte \u021b\u0103ri. Aceste transferuri se realizeaz\u0103 \u00een baza:<\/p>\n\n\n\n<ul class=\"wp-block-list\">\n<li>Clauzelor contractuale standard aprobate de Comisia European\u0103, sau<\/li>\n\n\n\n<li>Cadrului UE-SUA pentru Confiden\u021bialitatea Datelor (Data Privacy Framework)<\/li>\n<\/ul>\n\n\n\n<div class=\"wp-block-wd-divider wd-style-line wd-7405e24b\"><\/div>\n\n\n\n<h2 class=\"wp-block-wd-title title wd-578be012\">6. C\u00e2t timp p\u0103str\u0103m datele<\/h2>\n\n\n\n<figure class=\"wp-block-table\"><table class=\"has-fixed-layout\"><thead><tr><th>Tip de date<\/th><th>Perioad\u0103 de p\u0103strare<\/th><\/tr><\/thead><tbody><tr><td>Date privind comenzile \u0219i facturile<\/td><td>10 ani (obliga\u021bie fiscal\u0103)<\/td><\/tr><tr><td>Date cont utilizator<\/td><td>Pe durata existen\u021bei contului + 3 ani de la ultima activitate<\/td><\/tr><tr><td>Date din formularul de contact<\/td><td>Maximum 2 ani de la ultima interac\u021biune<\/td><\/tr><tr><td>Date pentru newsletter<\/td><td>P\u00e2n\u0103 la dezabonare<\/td><\/tr><tr><td>Date din cookie-uri analitice<\/td><td>Conform Politicii de cookie-uri (max. 24 luni)<\/td><\/tr><tr><td>Date pentru prevenirea fraudelor<\/td><td>5 ani<\/td><\/tr><\/tbody><\/table><\/figure>\n\n\n\n<p class=\"wp-block-wd-paragraph wd-93b1751a\">Dup\u0103 expirarea perioadelor de mai sus, datele sunt \u0219terse sau anonimizate.<\/p>\n\n\n\n<div class=\"wp-block-wd-divider wd-style-line wd-d77b91f9\"><\/div>\n\n\n\n<h2 class=\"wp-block-wd-title title wd-921b614d\">7. Drepturile dumneavoastr\u0103<\/h2>\n\n\n\n<p class=\"wp-block-wd-paragraph wd-1300e619\">Conform GDPR, ave\u021bi urm\u0103toarele drepturi:<\/p>\n\n\n\n<ul class=\"wp-block-list\">\n<li><strong>Dreptul de acces<\/strong> \u2013 s\u0103 \u0219ti\u021bi ce date avem despre dvs.<\/li>\n\n\n\n<li><strong>Dreptul la rectificare<\/strong> \u2013 s\u0103 corecta\u021bi date incorecte sau incomplete<\/li>\n\n\n\n<li><strong>Dreptul la \u0219tergere<\/strong> (\u201edreptul de a fi uitat&#8221;) \u2013 s\u0103 cere\u021bi \u0219tergerea datelor, \u00een condi\u021biile legii<\/li>\n\n\n\n<li><strong>Dreptul la restric\u021bionarea prelucr\u0103rii<\/strong> \u2013 s\u0103 limita\u021bi modul \u00een care folosim datele<\/li>\n\n\n\n<li><strong>Dreptul la portabilitatea datelor<\/strong> \u2013 s\u0103 primi\u021bi datele \u00eentr-un format structurat<\/li>\n\n\n\n<li><strong>Dreptul de opozi\u021bie<\/strong> \u2013 s\u0103 v\u0103 opune\u021bi prelucr\u0103rii bazate pe interes legitim<\/li>\n\n\n\n<li><strong>Dreptul de a v\u0103 retrage consim\u021b\u0103m\u00e2ntul<\/strong> \u2013 oric\u00e2nd, pentru prelucr\u0103rile bazate pe consim\u021b\u0103m\u00e2nt (ex: newsletter)<\/li>\n\n\n\n<li><strong>Dreptul de a nu face obiectul unei decizii automate<\/strong> \u2013 inclusiv profilare<\/li>\n<\/ul>\n\n\n\n<h3 class=\"wp-block-wd-title title wd-402bf735\">Cum v\u0103 exercita\u021bi drepturile<\/h3>\n\n\n\n<p class=\"wp-block-wd-paragraph wd-f48d4d44\">Trimite\u021bi o cerere scris\u0103 la <strong>office@telio.ro<\/strong>, indic\u00e2nd clar:<\/p>\n\n\n\n<ul class=\"wp-block-list\">\n<li>Numele dvs.<\/li>\n\n\n\n<li>Datele de contact<\/li>\n\n\n\n<li>Dreptul pe care dori\u021bi s\u0103 \u00eel exercita\u021bi<\/li>\n\n\n\n<li>Detalii suplimentare (dac\u0103 este cazul)<\/li>\n<\/ul>\n\n\n\n<p class=\"wp-block-wd-paragraph wd-0d3bfbd6\">Vom r\u0103spunde \u00een termen de <strong>maximum 30 de zile<\/strong> de la primirea cererii.<\/p>\n\n\n\n<h3 class=\"wp-block-wd-title title wd-577bdc64\">Pl\u00e2ngeri la autoritatea de supraveghere<\/h3>\n\n\n\n<p class=\"wp-block-wd-paragraph wd-7ba9e930\">Dac\u0103 aprecia\u021bi c\u0103 drepturile dvs. au fost \u00eenc\u0103lcate, v\u0103 pute\u021bi adresa:<\/p>\n\n\n\n<p class=\"wp-block-wd-paragraph wd-067d109f\"><strong>Autoritatea Na\u021bional\u0103 de Supraveghere a Prelucr\u0103rii Datelor cu Caracter Personal (ANSPDCP)<\/strong><\/p>\n\n\n\n<ul class=\"wp-block-list\">\n<li>Adres\u0103: B-dul G-ral. Gheorghe Magheru nr. 28-30, Sector 1, Bucure\u0219ti<\/li>\n\n\n\n<li>Telefon: +40.318.059.211<\/li>\n\n\n\n<li>E-mail: anspdcp@dataprotection.ro<\/li>\n\n\n\n<li>Web: <a href=\"https:\/\/www.dataprotection.ro\/\">www.dataprotection.ro<\/a><\/li>\n<\/ul>\n\n\n\n<div class=\"wp-block-wd-divider wd-style-line wd-5a9980b6\"><\/div>\n\n\n\n<h2 class=\"wp-block-wd-title title wd-248809b5\">8. Securitatea datelor<\/h2>\n\n\n\n<p class=\"wp-block-wd-paragraph wd-d502a640\">Aplic\u0103m m\u0103suri tehnice \u0219i organizatorice adecvate pentru protejarea datelor:<\/p>\n\n\n\n<ul class=\"wp-block-list\">\n<li>Conexiune securizat\u0103 SSL\/HTTPS<\/li>\n\n\n\n<li>Acces restric\u021bionat la baza de date<\/li>\n\n\n\n<li>Parole criptate<\/li>\n\n\n\n<li>Back-up periodic<\/li>\n\n\n\n<li>Monitorizare \u00eempotriva accesului neautorizat<\/li>\n\n\n\n<li>Instruirea personalului cu privire la confiden\u021bialitate<\/li>\n<\/ul>\n\n\n\n<p class=\"wp-block-wd-paragraph wd-a38b72b4\">Cu toate acestea, nicio metod\u0103 de transmitere prin internet nu este 100% sigur\u0103. Nu putem garanta securitatea absolut\u0103, dar facem tot ce este posibil pentru a preveni incidentele.<\/p>\n\n\n\n<div class=\"wp-block-wd-divider wd-style-line wd-0c51ab57\"><\/div>\n\n\n\n<h2 class=\"wp-block-wd-title title wd-904cc4fd\">9. Date despre minori<\/h2>\n\n\n\n<p class=\"wp-block-wd-paragraph wd-51923d39\">Site-ul nu se adreseaz\u0103 persoanelor sub 16 ani. Nu colect\u0103m inten\u021bionat date despre minori. Dac\u0103 afl\u0103m c\u0103 am colectat astfel de date f\u0103r\u0103 consim\u021b\u0103m\u00e2ntul p\u0103rintelui\/tutorelui, le vom \u0219terge imediat.<\/p>\n\n\n\n<div class=\"wp-block-wd-divider wd-style-line wd-f444bd0b\"><\/div>\n\n\n\n<h2 class=\"wp-block-wd-title title wd-826edcfa\">10. Modific\u0103ri ale politicii<\/h2>\n\n\n\n<p class=\"wp-block-wd-paragraph wd-c1b8be8d\">Aceast\u0103 Politic\u0103 de Confiden\u021bialitate poate fi actualizat\u0103 periodic. Versiunea curent\u0103 este cea publicat\u0103 pe Site, cu data ultimei actualiz\u0103ri men\u021bionat\u0103 la \u00eenceput.<\/p>\n\n\n\n<p class=\"wp-block-wd-paragraph wd-791d73d1\">\u00cen cazul unor modific\u0103ri semnificative, v\u0103 vom notifica prin e-mail (dac\u0103 avem datele dvs.) sau printr-un anun\u021b vizibil pe Site.<\/p>\n\n\n\n<div class=\"wp-block-wd-divider wd-style-line wd-5aef6817\"><\/div>\n\n\n\n<h2 class=\"wp-block-wd-title title wd-59f4515b\">11. Contact<\/h2>\n\n\n\n<p class=\"wp-block-wd-paragraph wd-d4365c8b\">Pentru orice \u00eentrebare legat\u0103 de prelucrarea datelor personale:<\/p>\n\n\n\n<ul class=\"wp-block-list\">\n<li><strong>E-mail:<\/strong> office@telio.ro<\/li>\n\n\n\n<li><strong>Telefon:<\/strong> 0722 568 881<\/li>\n\n\n\n<li><strong>Adres\u0103:<\/strong> [Bucuresti, Sectorul 2, Sos. Pantelimon 254\u00a0Bl. 55 Sc. B Et. 2 Ap. 63 Cod 021647]<\/li>\n<\/ul>\n\n\n\n<p><\/p>\n","protected":false},"excerpt":{"rendered":"<p>Scopul prelucr\u0103rii Temei legal (GDPR) Procesarea comenzilor \u0219i livrarea produselor Executarea contractului (art. 6 alin. 1 lit. b) Emiterea facturilor<\/p>","protected":false},"author":1,"featured_media":0,"parent":0,"menu_order":0,"comment_status":"closed","ping_status":"open","template":"","meta":{"footnotes":""},"class_list":["post-3","page","type-page","status-publish","hentry"],"yoast_head":"<!-- This site is optimized with the Yoast SEO plugin v27.5 - https:\/\/yoast.com\/product\/yoast-seo-wordpress\/ -->\n<title>Politica de Confiden\u021bialitate - Telio<\/title>\n<meta name=\"description\" content=\"Politica de Confiden\u021bialitate Ultima actualizare: Telio respect\u0103 confiden\u021bialitatea datelor dumneavoastr\u0103 personale \u0219i se angajeaz\u0103 s\u0103 le proteseze\" \/>\n<meta name=\"robots\" content=\"noindex, follow, max-snippet:-1, max-image-preview:large, max-video-preview:-1\" \/>\n<meta property=\"og:locale\" content=\"en_GB\" \/>\n<meta property=\"og:type\" content=\"article\" \/>\n<meta property=\"og:title\" content=\"Politica de Confiden\u021bialitate - Telio\" \/>\n<meta property=\"og:description\" content=\"Politica de Confiden\u021bialitate Ultima actualizare: Telio respect\u0103 confiden\u021bialitatea datelor dumneavoastr\u0103 personale \u0219i se angajeaz\u0103 s\u0103 le proteseze\" \/>\n<meta property=\"og:url\" content=\"https:\/\/telio.ro\/en\/politica-de-confidentialitate\/\" \/>\n<meta property=\"og:site_name\" content=\"Telio\" \/>\n<meta property=\"article:modified_time\" content=\"2026-04-23T09:45:57+00:00\" \/>\n<meta name=\"twitter:card\" content=\"summary_large_image\" \/>\n<meta name=\"twitter:label1\" content=\"Estimated reading time\" \/>\n\t<meta name=\"twitter:data1\" content=\"5 minutes\" \/>\n<script type=\"application\/ld+json\" class=\"yoast-schema-graph\">{\"@context\":\"https:\\\/\\\/schema.org\",\"@graph\":[{\"@type\":\"WebPage\",\"@id\":\"https:\\\/\\\/telio.ro\\\/politica-de-confidentialitate\\\/\",\"url\":\"https:\\\/\\\/telio.ro\\\/politica-de-confidentialitate\\\/\",\"name\":\"Politica de Confiden\u021bialitate - Telio\",\"isPartOf\":{\"@id\":\"https:\\\/\\\/telio.ro\\\/#website\"},\"datePublished\":\"2026-03-16T09:11:33+00:00\",\"dateModified\":\"2026-04-23T09:45:57+00:00\",\"description\":\"Politica de Confiden\u021bialitate Ultima actualizare: Telio respect\u0103 confiden\u021bialitatea datelor dumneavoastr\u0103 personale \u0219i se angajeaz\u0103 s\u0103 le proteseze\",\"breadcrumb\":{\"@id\":\"https:\\\/\\\/telio.ro\\\/politica-de-confidentialitate\\\/#breadcrumb\"},\"inLanguage\":\"en-GB\",\"potentialAction\":[{\"@type\":\"ReadAction\",\"target\":[\"https:\\\/\\\/telio.ro\\\/politica-de-confidentialitate\\\/\"]}]},{\"@type\":\"BreadcrumbList\",\"@id\":\"https:\\\/\\\/telio.ro\\\/politica-de-confidentialitate\\\/#breadcrumb\",\"itemListElement\":[{\"@type\":\"ListItem\",\"position\":1,\"name\":\"Prima pagin\u0103\",\"item\":\"https:\\\/\\\/telio.ro\\\/\"},{\"@type\":\"ListItem\",\"position\":2,\"name\":\"Politica de Confiden\u021bialitate\"}]},{\"@type\":\"WebSite\",\"@id\":\"https:\\\/\\\/telio.ro\\\/#website\",\"url\":\"https:\\\/\\\/telio.ro\\\/\",\"name\":\"Telio\",\"description\":\"Reliable connectivity\",\"potentialAction\":[{\"@type\":\"SearchAction\",\"target\":{\"@type\":\"EntryPoint\",\"urlTemplate\":\"https:\\\/\\\/telio.ro\\\/?s={search_term_string}\"},\"query-input\":{\"@type\":\"PropertyValueSpecification\",\"valueRequired\":true,\"valueName\":\"search_term_string\"}}],\"inLanguage\":\"en-GB\"}]}<\/script>\n<!-- \/ Yoast SEO plugin. -->","yoast_head_json":{"title":"Politica de Confiden\u021bialitate - Telio","description":"Politica de Confiden\u021bialitate Ultima actualizare: Telio respect\u0103 confiden\u021bialitatea datelor dumneavoastr\u0103 personale \u0219i se angajeaz\u0103 s\u0103 le proteseze","robots":{"index":"noindex","follow":"follow","max-snippet":"max-snippet:-1","max-image-preview":"max-image-preview:large","max-video-preview":"max-video-preview:-1"},"og_locale":"en_GB","og_type":"article","og_title":"Politica de Confiden\u021bialitate - Telio","og_description":"Politica de Confiden\u021bialitate Ultima actualizare: Telio respect\u0103 confiden\u021bialitatea datelor dumneavoastr\u0103 personale \u0219i se angajeaz\u0103 s\u0103 le proteseze","og_url":"https:\/\/telio.ro\/en\/politica-de-confidentialitate\/","og_site_name":"Telio","article_modified_time":"2026-04-23T09:45:57+00:00","twitter_card":"summary_large_image","twitter_misc":{"Estimated reading time":"5 minutes"},"schema":{"@context":"https:\/\/schema.org","@graph":[{"@type":"WebPage","@id":"https:\/\/telio.ro\/politica-de-confidentialitate\/","url":"https:\/\/telio.ro\/politica-de-confidentialitate\/","name":"Politica de Confiden\u021bialitate - Telio","isPartOf":{"@id":"https:\/\/telio.ro\/#website"},"datePublished":"2026-03-16T09:11:33+00:00","dateModified":"2026-04-23T09:45:57+00:00","description":"Politica de Confiden\u021bialitate Ultima actualizare: Telio respect\u0103 confiden\u021bialitatea datelor dumneavoastr\u0103 personale \u0219i se angajeaz\u0103 s\u0103 le proteseze","breadcrumb":{"@id":"https:\/\/telio.ro\/politica-de-confidentialitate\/#breadcrumb"},"inLanguage":"en-GB","potentialAction":[{"@type":"ReadAction","target":["https:\/\/telio.ro\/politica-de-confidentialitate\/"]}]},{"@type":"BreadcrumbList","@id":"https:\/\/telio.ro\/politica-de-confidentialitate\/#breadcrumb","itemListElement":[{"@type":"ListItem","position":1,"name":"Prima pagin\u0103","item":"https:\/\/telio.ro\/"},{"@type":"ListItem","position":2,"name":"Politica de Confiden\u021bialitate"}]},{"@type":"WebSite","@id":"https:\/\/telio.ro\/#website","url":"https:\/\/telio.ro\/","name":"Telio","description":"Reliable connectivity","potentialAction":[{"@type":"SearchAction","target":{"@type":"EntryPoint","urlTemplate":"https:\/\/telio.ro\/?s={search_term_string}"},"query-input":{"@type":"PropertyValueSpecification","valueRequired":true,"valueName":"search_term_string"}}],"inLanguage":"en-GB"}]}},"_links":{"self":[{"href":"https:\/\/telio.ro\/en\/wp-json\/wp\/v2\/pages\/3","targetHints":{"allow":["GET"]}}],"collection":[{"href":"https:\/\/telio.ro\/en\/wp-json\/wp\/v2\/pages"}],"about":[{"href":"https:\/\/telio.ro\/en\/wp-json\/wp\/v2\/types\/page"}],"author":[{"embeddable":true,"href":"https:\/\/telio.ro\/en\/wp-json\/wp\/v2\/users\/1"}],"replies":[{"embeddable":true,"href":"https:\/\/telio.ro\/en\/wp-json\/wp\/v2\/comments?post=3"}],"version-history":[{"count":1,"href":"https:\/\/telio.ro\/en\/wp-json\/wp\/v2\/pages\/3\/revisions"}],"predecessor-version":[{"id":29437,"href":"https:\/\/telio.ro\/en\/wp-json\/wp\/v2\/pages\/3\/revisions\/29437"}],"wp:attachment":[{"href":"https:\/\/telio.ro\/en\/wp-json\/wp\/v2\/media?parent=3"}],"curies":[{"name":"wp","href":"https:\/\/api.w.org\/{rel}","templated":true}]}}