{"id":29438,"date":"2026-04-23T09:47:46","date_gmt":"2026-04-23T09:47:46","guid":{"rendered":"https:\/\/teltonika-networks.ro\/?page_id=29438"},"modified":"2026-04-23T09:47:47","modified_gmt":"2026-04-23T09:47:47","slug":"politica-de-cookie-uri","status":"publish","type":"page","link":"https:\/\/telio.ro\/en\/politica-de-cookie-uri\/","title":{"rendered":"Cookie Policy"},"content":{"rendered":"\n<h1 class=\"wp-block-wd-title title wd-8035808a\">Politica de Cookie-uri<\/h1>\n\n\n\n<p class=\"wp-block-wd-paragraph wd-ae679983\"><strong>Ultima actualizare:<\/strong> [23.04.2026: data public\u0103rii]<\/p>\n\n\n\n<p class=\"wp-block-wd-paragraph wd-e62fc3d9\">Aceast\u0103 Politic\u0103 explic\u0103 ce sunt cookie-urile, cum le utilizeaz\u0103 website-ul <strong>telio.ro<\/strong> \u0219i cum v\u0103 pute\u021bi gestiona preferin\u021bele.<\/p>\n\n\n\n<div class=\"wp-block-wd-divider wd-style-line wd-c8fd58cb\"><\/div>\n\n\n\n<h2 class=\"wp-block-wd-title title wd-f96f5728\">1. Ce sunt cookie-urile<\/h2>\n\n\n\n<p class=\"wp-block-wd-paragraph wd-24cc16f5\">Cookie-urile sunt fi\u0219iere text de mici dimensiuni, stocate de browserul dvs. pe dispozitivul de pe care accesa\u021bi Site-ul (computer, tablet\u0103, telefon mobil).<\/p>\n\n\n\n<p class=\"wp-block-wd-paragraph wd-9116cb94\">Acestea permit Site-ului s\u0103 v\u0103 recunoasc\u0103 la o vizit\u0103 ulterioar\u0103, s\u0103 re\u021bin\u0103 preferin\u021bele dvs. (limb\u0103, moned\u0103, con\u021binutul co\u0219ului de cump\u0103r\u0103turi) \u0219i s\u0103 furnizeze informa\u021bii utile administratorilor pentru \u00eembun\u0103t\u0103\u021birea experien\u021bei.<\/p>\n\n\n\n<p class=\"wp-block-wd-paragraph wd-9b3c65d6\">Cookie-urile <strong>NU con\u021bin<\/strong> programe software, viru\u0219i sau spyware \u0219i <strong>NU pot accesa<\/strong> datele de pe hard-disk-ul dvs.<\/p>\n\n\n\n<div class=\"wp-block-wd-divider wd-style-line wd-eb7e444e\"><\/div>\n\n\n\n<h2 class=\"wp-block-wd-title title wd-b3ed5cd2\">2. Tipuri de cookie-uri folosite pe telio.ro<\/h2>\n\n\n\n<h3 class=\"wp-block-wd-title title wd-9c73f367\">2.1. Dup\u0103 durata de via\u021b\u0103<\/h3>\n\n\n\n<ul class=\"wp-block-list\">\n<li><strong>Cookie-uri de sesiune<\/strong> \u2013 sunt \u0219terse automat c\u00e2nd \u00eenchide\u021bi browserul.<\/li>\n\n\n\n<li><strong>Cookie-uri persistente<\/strong> \u2013 r\u0103m\u00e2n stocate pe dispozitivul dvs. pe o perioad\u0103 definit\u0103 (de la c\u00e2teva minute p\u00e2n\u0103 la c\u00e2\u021biva ani) sau p\u00e2n\u0103 c\u00e2nd le \u0219terge\u021bi manual.<\/li>\n<\/ul>\n\n\n\n<h3 class=\"wp-block-wd-title title wd-e9c71249\">2.2. Dup\u0103 provenien\u021b\u0103<\/h3>\n\n\n\n<ul class=\"wp-block-list\">\n<li><strong>Cookie-uri proprii (first-party)<\/strong> \u2013 plasate direct de telio.ro.<\/li>\n\n\n\n<li><strong>Cookie-uri ter\u021be (third-party)<\/strong> \u2013 plasate de servicii externe pe care le folosim (ex: Google Analytics, Facebook, YouTube etc.).<\/li>\n<\/ul>\n\n\n\n<h3 class=\"wp-block-wd-title title wd-8fa60abf\">2.3. Dup\u0103 scop<\/h3>\n\n\n\n<h4 class=\"wp-block-wd-title title wd-88644456\">A) Cookie-uri strict necesare<\/h4>\n\n\n\n<p class=\"wp-block-wd-paragraph wd-6af28df6\"><strong>Nu pot fi dezactivate.<\/strong> Sunt esen\u021biale pentru func\u021bionarea Site-ului.<\/p>\n\n\n\n<figure class=\"wp-block-table\"><table class=\"has-fixed-layout\"><thead><tr><th>Cookie<\/th><th>Furnizor<\/th><th>Scop<\/th><th>Durat\u0103<\/th><\/tr><\/thead><tbody><tr><td><code>wordpress_logged_in_*<\/code><\/td><td>telio.ro<\/td><td>Autentificare utilizator<\/td><td>Sesiune<\/td><\/tr><tr><td><code>woocommerce_cart_hash<\/code><\/td><td>telio.ro<\/td><td>Con\u021binut co\u0219 de cump\u0103r\u0103turi<\/td><td>Sesiune<\/td><\/tr><tr><td><code>woocommerce_items_in_cart<\/code><\/td><td>telio.ro<\/td><td>Con\u021binut co\u0219<\/td><td>Sesiune<\/td><\/tr><tr><td><code>wp_woocommerce_session_*<\/code><\/td><td>telio.ro<\/td><td>Sesiune co\u0219 de cump\u0103r\u0103turi<\/td><td>48 ore<\/td><\/tr><tr><td><code>cookielawinfo-*<\/code><\/td><td>telio.ro<\/td><td>Memorarea preferin\u021belor pentru cookie-uri<\/td><td>1 an<\/td><\/tr><\/tbody><\/table><\/figure>\n\n\n\n<h4 class=\"wp-block-wd-title title wd-0b37e986\">B) Cookie-uri func\u021bionale<\/h4>\n\n\n\n<p class=\"wp-block-wd-paragraph wd-ea2037fc\">Permit personalizarea experien\u021bei (limb\u0103, moned\u0103, regiune).<\/p>\n\n\n\n<figure class=\"wp-block-table\"><table class=\"has-fixed-layout\"><thead><tr><th>Cookie<\/th><th>Furnizor<\/th><th>Scop<\/th><th>Durat\u0103<\/th><\/tr><\/thead><tbody><tr><td><code>wp-wpml_current_language<\/code><\/td><td>telio.ro<\/td><td>Memorarea limbii alese<\/td><td>1 an<\/td><\/tr><tr><td><code>currency<\/code><\/td><td>telio.ro<\/td><td>Memorarea monedei selectate (RON\/EUR)<\/td><td>1 an<\/td><\/tr><\/tbody><\/table><\/figure>\n\n\n\n<h4 class=\"wp-block-wd-title title wd-767d49a1\">C) Cookie-uri de analiz\u0103 \u0219i performan\u021b\u0103<\/h4>\n\n\n\n<p class=\"wp-block-wd-paragraph wd-a095f03d\">Ne ajut\u0103 s\u0103 \u00een\u021belegem cum este folosit Site-ul, ce pagini sunt vizitate, ce produse atrag aten\u021bia.<\/p>\n\n\n\n<figure class=\"wp-block-table\"><table class=\"has-fixed-layout\"><thead><tr><th>Cookie<\/th><th>Furnizor<\/th><th>Scop<\/th><th>Durat\u0103<\/th><\/tr><\/thead><tbody><tr><td><code>_ga<\/code><\/td><td>Google Analytics<\/td><td>Identific\u0103 vizitatori unici<\/td><td>2 ani<\/td><\/tr><tr><td><code>_ga_*<\/code><\/td><td>Google Analytics<\/td><td>Stocheaz\u0103 starea sesiunii<\/td><td>2 ani<\/td><\/tr><tr><td><code>_gid<\/code><\/td><td>Google Analytics<\/td><td>Identific\u0103 vizitatori<\/td><td>24 ore<\/td><\/tr><tr><td><code>_gat<\/code><\/td><td>Google Analytics<\/td><td>Limiteaz\u0103 rata cererilor<\/td><td>1 minut<\/td><\/tr><\/tbody><\/table><\/figure>\n\n\n\n<h4 class=\"wp-block-wd-title title wd-9fd5910f\">D) Cookie-uri de marketing \u0219i publicitate<\/h4>\n\n\n\n<p class=\"wp-block-wd-paragraph wd-a3176484\">Folosite pentru afi\u0219area de reclame relevante \u0219i m\u0103surarea eficien\u021bei campaniilor.<\/p>\n\n\n\n<figure class=\"wp-block-table\"><table class=\"has-fixed-layout\"><thead><tr><th>Cookie<\/th><th>Furnizor<\/th><th>Scop<\/th><th>Durat\u0103<\/th><\/tr><\/thead><tbody><tr><td><code>_fbp<\/code><\/td><td>Meta (Facebook)<\/td><td>Tracking conversii \u0219i remarketing<\/td><td>3 luni<\/td><\/tr><tr><td><code>fr<\/code><\/td><td>Meta (Facebook)<\/td><td>Publicitate \u021bintit\u0103<\/td><td>3 luni<\/td><\/tr><tr><td><code>IDE<\/code><\/td><td>Google Ads \/ DoubleClick<\/td><td>Personalizare reclame<\/td><td>1 an<\/td><\/tr><tr><td><code>_gcl_au<\/code><\/td><td>Google Ads<\/td><td>Conversii<\/td><td>3 luni<\/td><\/tr><\/tbody><\/table><\/figure>\n\n\n\n<div class=\"wp-block-wd-divider wd-style-line wd-80264850\"><\/div>\n\n\n\n<h2 class=\"wp-block-wd-title title wd-2e934db2\">3. Cookie-uri ter\u021be<\/h2>\n\n\n\n<p class=\"wp-block-wd-paragraph wd-74f4cc9d\">Pe Site pot fi \u00eenc\u0103rcate con\u021binuturi furnizate de ter\u021bi (videoclipuri YouTube, h\u0103r\u021bi Google Maps, butoane de social media). Aceste servicii pot plasa propriile cookie-uri, asupra c\u0103rora telio.ro <strong>nu are control direct<\/strong>.<\/p>\n\n\n\n<p class=\"wp-block-wd-paragraph wd-8c57cd47\">Pentru detalii, consulta\u021bi politicile lor:<\/p>\n\n\n\n<ul class=\"wp-block-list\">\n<li><strong>Google (Analytics, Ads, Maps, YouTube):<\/strong> <a href=\"https:\/\/policies.google.com\/privacy\">policies.google.com\/privacy<\/a><\/li>\n\n\n\n<li><strong>Meta (Facebook, Instagram):<\/strong> <a href=\"https:\/\/www.facebook.com\/privacy\/policy\">www.facebook.com\/privacy\/policy<\/a><\/li>\n\n\n\n<li><strong>YouTube:<\/strong> <a href=\"https:\/\/www.youtube.com\/howyoutubeworks\/policies\/\">www.youtube.com\/howyoutubeworks\/policies\/<\/a><\/li>\n<\/ul>\n\n\n\n<div class=\"wp-block-wd-divider wd-style-line wd-73a52000\"><\/div>\n\n\n\n<h2 class=\"wp-block-wd-title title wd-5b6bab6a\">4. Cum gestiona\u021bi cookie-urile<\/h2>\n\n\n\n<h3 class=\"wp-block-wd-title title wd-7005d961\">4.1. Pe Site<\/h3>\n\n\n\n<p class=\"wp-block-wd-paragraph wd-e68dbf70\">La prima vizit\u0103, ve\u021bi vedea un banner pentru gestionarea preferin\u021belor de cookie-uri. Pute\u021bi:<\/p>\n\n\n\n<ul class=\"wp-block-list\">\n<li><strong>Accepta toate cookie-urile<\/strong><\/li>\n\n\n\n<li><strong>Respinge cookie-urile neesen\u021biale<\/strong><\/li>\n\n\n\n<li><strong>Personaliza preferin\u021bele<\/strong> (alege\u021bi pe categorii)<\/li>\n<\/ul>\n\n\n\n<h3 class=\"wp-block-wd-title title wd-16fb7e71\">4.2. Din browser<\/h3>\n\n\n\n<p class=\"wp-block-wd-paragraph wd-eaf6285b\">Pute\u021bi seta browserul s\u0103 blocheze sau s\u0103 \u0219tearg\u0103 cookie-urile. Aten\u021bie: dezactivarea cookie-urilor strict necesare poate face Site-ul nefunc\u021bional (ex: nu ve\u021bi putea finaliza o comand\u0103).<\/p>\n\n\n\n<p class=\"wp-block-wd-paragraph wd-24ad7e55\">Instruc\u021biuni pentru cele mai populare browsere:<\/p>\n\n\n\n<ul class=\"wp-block-list\">\n<li><strong>Google Chrome:<\/strong> <a href=\"https:\/\/support.google.com\/chrome\/answer\/95647\">support.google.com\/chrome<\/a><\/li>\n\n\n\n<li><strong>Mozilla Firefox:<\/strong> <a href=\"https:\/\/support.mozilla.org\/ro\/kb\/activarea-si-dezactivarea-cookie-urilor\">support.mozilla.org\/firefox\/cookies<\/a><\/li>\n\n\n\n<li><strong>Safari:<\/strong> <a href=\"https:\/\/support.apple.com\/ro-ro\/guide\/safari\/sfri11471\/mac\">support.apple.com\/safari<\/a><\/li>\n\n\n\n<li><strong>Microsoft Edge:<\/strong> <a href=\"https:\/\/support.microsoft.com\/ro-ro\/microsoft-edge\">support.microsoft.com\/edge<\/a><\/li>\n<\/ul>\n\n\n\n<h3 class=\"wp-block-wd-title title wd-73784848\">4.3. Opt-out pentru servicii de analiz\u0103 \u0219i publicitate<\/h3>\n\n\n\n<ul class=\"wp-block-list\">\n<li><strong>Google Analytics opt-out:<\/strong> <a href=\"https:\/\/tools.google.com\/dlpage\/gaoptout\">tools.google.com\/dlpage\/gaoptout<\/a><\/li>\n\n\n\n<li><strong>Google Ads:<\/strong> <a href=\"https:\/\/adssettings.google.com\/\">adssettings.google.com<\/a><\/li>\n\n\n\n<li><strong>YourOnlineChoices (UE):<\/strong> <a href=\"https:\/\/www.youronlinechoices.com\/ro\">www.youronlinechoices.com\/ro<\/a><\/li>\n<\/ul>\n\n\n\n<div class=\"wp-block-wd-divider wd-style-line wd-c6c11247\"><\/div>\n\n\n\n<h2 class=\"wp-block-wd-title title wd-9327bc62\">5. Temei legal<\/h2>\n\n\n\n<p class=\"wp-block-wd-paragraph wd-91e4d95f\">Utilizarea cookie-urilor este reglementat\u0103 de:<\/p>\n\n\n\n<ul class=\"wp-block-list\">\n<li><strong>Legea nr. 506\/2004<\/strong> privind prelucrarea datelor cu caracter personal \u0219i protec\u021bia vie\u021bii private \u00een sectorul comunica\u021biilor electronice<\/li>\n\n\n\n<li><strong>Regulamentul (UE) 2016\/679<\/strong> (GDPR)<\/li>\n\n\n\n<li><strong>Directiva ePrivacy 2002\/58\/CE<\/strong><\/li>\n<\/ul>\n\n\n\n<p class=\"wp-block-wd-paragraph wd-43080244\">Cookie-urile strict necesare sunt utilizate \u00een baza interesului legitim de a furniza Site-ul. Toate celelalte categorii (analiz\u0103, marketing) sunt utilizate doar \u00een baza <strong>consim\u021b\u0103m\u00e2ntului dvs. expres<\/strong>, exprimat prin bannerul de cookie-uri.<\/p>\n\n\n\n<div class=\"wp-block-wd-divider wd-style-line wd-ff076616\"><\/div>\n\n\n\n<h2 class=\"wp-block-wd-title title wd-4476b708\">6. Modific\u0103ri<\/h2>\n\n\n\n<p class=\"wp-block-wd-paragraph wd-f493c27c\">Aceast\u0103 Politic\u0103 poate fi actualizat\u0103 ori de c\u00e2te ori intervin modific\u0103ri \u00een lista cookie-urilor utilizate sau \u00een legisla\u021bia aplicabil\u0103. Versiunea curent\u0103 este cea publicat\u0103 pe Site.<\/p>\n\n\n\n<div class=\"wp-block-wd-divider wd-style-line wd-0d5ac322\"><\/div>\n\n\n\n<h2 class=\"wp-block-wd-title title wd-860ad3a0\">7. Contact<\/h2>\n\n\n\n<p class=\"wp-block-wd-paragraph wd-84d719e1\">Pentru orice \u00eentrebare despre cookie-uri sau prelucrarea datelor, ne pute\u021bi contacta:<\/p>\n\n\n\n<ul class=\"wp-block-list\">\n<li><strong>E-mail:<\/strong> office@telio.ro<\/li>\n\n\n\n<li><strong>Telefon:<\/strong> 0722 568 881<\/li>\n\n\n\n<li><strong>Adres\u0103:<\/strong> [Bucuresti, Sectorul 2, Sos. Pantelimon 254\u00a0Bl. 55 Sc. B Et. 2 Ap. 63 Cod 021647]<\/li>\n<\/ul>\n\n\n\n<p class=\"wp-block-wd-paragraph wd-2e73b22a\">Pentru informa\u021bii complete despre prelucrarea datelor personale, consulta\u021bi <strong><a href=\"https:\/\/telio.ro\/politica-de-confidentialitate\">Politica de Confiden\u021bialitate<\/a><\/strong>.<\/p>\n\n\n\n<p><\/p>\n","protected":false},"excerpt":{"rendered":"<p>Cookie Furnizor Scop Durat\u0103 wordpress_logged_in_* telio.ro Autentificare utilizator Sesiune woocommerce_cart_hash telio.ro Con\u021binut co\u0219 de cump\u0103r\u0103turi Sesiune woocommerce_items_in_cart telio.ro Con\u021binut co\u0219<\/p>","protected":false},"author":1,"featured_media":0,"parent":0,"menu_order":0,"comment_status":"closed","ping_status":"closed","template":"","meta":{"footnotes":""},"class_list":["post-29438","page","type-page","status-publish","hentry"],"yoast_head":"<!-- This site is optimized with the Yoast SEO plugin v27.5 - https:\/\/yoast.com\/product\/yoast-seo-wordpress\/ -->\n<title>Politica de Cookie-uri - Telio<\/title>\n<meta name=\"description\" content=\"Politica de Cookie-uri Ultima actualizare: Aceast\u0103 Politic\u0103 explic\u0103 ce sunt cookie-urile, cum le utilizeaz\u0103 website-ul telio.ro \u0219i cum v\u0103 pute\u021bi gestiona\" \/>\n<meta name=\"robots\" content=\"noindex, follow, max-snippet:-1, max-image-preview:large, max-video-preview:-1\" \/>\n<meta property=\"og:locale\" content=\"en_GB\" \/>\n<meta property=\"og:type\" content=\"article\" \/>\n<meta property=\"og:title\" content=\"Politica de Cookie-uri - Telio\" \/>\n<meta property=\"og:description\" content=\"Politica de Cookie-uri Ultima actualizare: Aceast\u0103 Politic\u0103 explic\u0103 ce sunt cookie-urile, cum le utilizeaz\u0103 website-ul telio.ro \u0219i cum v\u0103 pute\u021bi gestiona\" \/>\n<meta property=\"og:url\" content=\"https:\/\/telio.ro\/en\/politica-de-cookie-uri\/\" \/>\n<meta property=\"og:site_name\" content=\"Telio\" \/>\n<meta property=\"article:modified_time\" content=\"2026-04-23T09:47:47+00:00\" \/>\n<meta name=\"twitter:card\" content=\"summary_large_image\" \/>\n<meta name=\"twitter:label1\" content=\"Estimated reading time\" \/>\n\t<meta name=\"twitter:data1\" content=\"3 minutes\" \/>\n<script type=\"application\/ld+json\" class=\"yoast-schema-graph\">{\"@context\":\"https:\\\/\\\/schema.org\",\"@graph\":[{\"@type\":\"WebPage\",\"@id\":\"https:\\\/\\\/telio.ro\\\/politica-de-cookie-uri\\\/\",\"url\":\"https:\\\/\\\/telio.ro\\\/politica-de-cookie-uri\\\/\",\"name\":\"Politica de Cookie-uri - Telio\",\"isPartOf\":{\"@id\":\"https:\\\/\\\/telio.ro\\\/#website\"},\"datePublished\":\"2026-04-23T09:47:46+00:00\",\"dateModified\":\"2026-04-23T09:47:47+00:00\",\"description\":\"Politica de Cookie-uri Ultima actualizare: Aceast\u0103 Politic\u0103 explic\u0103 ce sunt cookie-urile, cum le utilizeaz\u0103 website-ul telio.ro \u0219i cum v\u0103 pute\u021bi gestiona\",\"breadcrumb\":{\"@id\":\"https:\\\/\\\/telio.ro\\\/politica-de-cookie-uri\\\/#breadcrumb\"},\"inLanguage\":\"en-GB\",\"potentialAction\":[{\"@type\":\"ReadAction\",\"target\":[\"https:\\\/\\\/telio.ro\\\/politica-de-cookie-uri\\\/\"]}]},{\"@type\":\"BreadcrumbList\",\"@id\":\"https:\\\/\\\/telio.ro\\\/politica-de-cookie-uri\\\/#breadcrumb\",\"itemListElement\":[{\"@type\":\"ListItem\",\"position\":1,\"name\":\"Prima pagin\u0103\",\"item\":\"https:\\\/\\\/telio.ro\\\/\"},{\"@type\":\"ListItem\",\"position\":2,\"name\":\"Politica de Cookie-uri\"}]},{\"@type\":\"WebSite\",\"@id\":\"https:\\\/\\\/telio.ro\\\/#website\",\"url\":\"https:\\\/\\\/telio.ro\\\/\",\"name\":\"Telio\",\"description\":\"Reliable connectivity\",\"potentialAction\":[{\"@type\":\"SearchAction\",\"target\":{\"@type\":\"EntryPoint\",\"urlTemplate\":\"https:\\\/\\\/telio.ro\\\/?s={search_term_string}\"},\"query-input\":{\"@type\":\"PropertyValueSpecification\",\"valueRequired\":true,\"valueName\":\"search_term_string\"}}],\"inLanguage\":\"en-GB\"}]}<\/script>\n<!-- \/ Yoast SEO plugin. -->","yoast_head_json":{"title":"Politica de Cookie-uri - Telio","description":"Politica de Cookie-uri Ultima actualizare: Aceast\u0103 Politic\u0103 explic\u0103 ce sunt cookie-urile, cum le utilizeaz\u0103 website-ul telio.ro \u0219i cum v\u0103 pute\u021bi gestiona","robots":{"index":"noindex","follow":"follow","max-snippet":"max-snippet:-1","max-image-preview":"max-image-preview:large","max-video-preview":"max-video-preview:-1"},"og_locale":"en_GB","og_type":"article","og_title":"Politica de Cookie-uri - Telio","og_description":"Politica de Cookie-uri Ultima actualizare: Aceast\u0103 Politic\u0103 explic\u0103 ce sunt cookie-urile, cum le utilizeaz\u0103 website-ul telio.ro \u0219i cum v\u0103 pute\u021bi gestiona","og_url":"https:\/\/telio.ro\/en\/politica-de-cookie-uri\/","og_site_name":"Telio","article_modified_time":"2026-04-23T09:47:47+00:00","twitter_card":"summary_large_image","twitter_misc":{"Estimated reading time":"3 minutes"},"schema":{"@context":"https:\/\/schema.org","@graph":[{"@type":"WebPage","@id":"https:\/\/telio.ro\/politica-de-cookie-uri\/","url":"https:\/\/telio.ro\/politica-de-cookie-uri\/","name":"Politica de Cookie-uri - Telio","isPartOf":{"@id":"https:\/\/telio.ro\/#website"},"datePublished":"2026-04-23T09:47:46+00:00","dateModified":"2026-04-23T09:47:47+00:00","description":"Politica de Cookie-uri Ultima actualizare: Aceast\u0103 Politic\u0103 explic\u0103 ce sunt cookie-urile, cum le utilizeaz\u0103 website-ul telio.ro \u0219i cum v\u0103 pute\u021bi gestiona","breadcrumb":{"@id":"https:\/\/telio.ro\/politica-de-cookie-uri\/#breadcrumb"},"inLanguage":"en-GB","potentialAction":[{"@type":"ReadAction","target":["https:\/\/telio.ro\/politica-de-cookie-uri\/"]}]},{"@type":"BreadcrumbList","@id":"https:\/\/telio.ro\/politica-de-cookie-uri\/#breadcrumb","itemListElement":[{"@type":"ListItem","position":1,"name":"Prima pagin\u0103","item":"https:\/\/telio.ro\/"},{"@type":"ListItem","position":2,"name":"Politica de Cookie-uri"}]},{"@type":"WebSite","@id":"https:\/\/telio.ro\/#website","url":"https:\/\/telio.ro\/","name":"Telio","description":"Reliable connectivity","potentialAction":[{"@type":"SearchAction","target":{"@type":"EntryPoint","urlTemplate":"https:\/\/telio.ro\/?s={search_term_string}"},"query-input":{"@type":"PropertyValueSpecification","valueRequired":true,"valueName":"search_term_string"}}],"inLanguage":"en-GB"}]}},"_links":{"self":[{"href":"https:\/\/telio.ro\/en\/wp-json\/wp\/v2\/pages\/29438","targetHints":{"allow":["GET"]}}],"collection":[{"href":"https:\/\/telio.ro\/en\/wp-json\/wp\/v2\/pages"}],"about":[{"href":"https:\/\/telio.ro\/en\/wp-json\/wp\/v2\/types\/page"}],"author":[{"embeddable":true,"href":"https:\/\/telio.ro\/en\/wp-json\/wp\/v2\/users\/1"}],"replies":[{"embeddable":true,"href":"https:\/\/telio.ro\/en\/wp-json\/wp\/v2\/comments?post=29438"}],"version-history":[{"count":1,"href":"https:\/\/telio.ro\/en\/wp-json\/wp\/v2\/pages\/29438\/revisions"}],"predecessor-version":[{"id":29439,"href":"https:\/\/telio.ro\/en\/wp-json\/wp\/v2\/pages\/29438\/revisions\/29439"}],"wp:attachment":[{"href":"https:\/\/telio.ro\/en\/wp-json\/wp\/v2\/media?parent=29438"}],"curies":[{"name":"wp","href":"https:\/\/api.w.org\/{rel}","templated":true}]}}